{"id":424,"date":"2017-01-10T14:33:29","date_gmt":"2017-01-10T14:33:29","guid":{"rendered":"http:\/\/import.getbowtied.com\/shopkeeper-replica\/?page_id=424"},"modified":"2022-01-31T14:58:05","modified_gmt":"2022-01-31T13:58:05","slug":"nosotros","status":"publish","type":"page","link":"https:\/\/fisiomagna.es\/index.php\/pages\/nosotros\/","title":{"rendered":"Nosotros"},"content":{"rendered":"<div class=\"wpb-content-wrapper\"><p>[vc_row full_height=\u00bbyes\u00bb columns_placement=\u00bbstretch\u00bb equal_height=\u00bbyes\u00bb content_placement=\u00bbmiddle\u00bb columns_height=\u00bbadjust_cols_height\u00bb background_style=\u00bbnormal\u00bb][vc_column css=\u00bb.vc_custom_1531854052415{background-position: center !important;background-repeat: no-repeat !important;background-size: cover !important;}\u00bb offset=\u00bbvc_col-lg-12 vc_col-md-6&#8243;][vc_column_text]<\/p>\n<h1 class=\"page-title on-shop\" style=\"text-align: center;\">Fisiomagna<\/h1>\n<p>[\/vc_column_text][vc_column_text]<\/p>\n<p style=\"text-align: center;\"><span style=\"color: #808080;\">Fisioterapia \u00b7 Osteopatia \u00b7 Podologia<\/span><\/p>\n<p>[\/vc_column_text][vc_separator][vc_row_inner type=\u00bbboxed\u00bb css=\u00bb.vc_custom_1531854189752{margin-top: 45px !important;margin-bottom: 25px !important;}\u00bb][vc_column_inner][vc_column_text css=\u00bb.vc_custom_1638728770611{margin-right: 15% !important;margin-left: 15% !important;}\u00bb]<\/p>\n<h5>QUIENES\u00a0SOMOS<\/h5>\n<p>La\u00a0Cl\u00ednica\u00a0Fisiomagna\u00a0inicia\u00a0sus\u00a0andares\u00a0en\u00a0el\u00a0<strong>2005<\/strong>,\u00a0desde\u00a0un\u00a0principio hemos querido ser un\u00a0<strong>centro de referencia\u00a0<\/strong>en la <strong>Fisioterapia<\/strong>, <strong>Osteopatia<\/strong> y la <strong>Biomec\u00e1nica<\/strong> en <strong>Alcal\u00e1 de Henares<\/strong>.<\/p>\n<p><strong>La\u00a0Cl\u00ednica\u00a0Fisiomagna\u00a0es\u00a0un\u00a0centro\u00a0de\u00a0recuperaci\u00f3n\u00a0Integral, <\/strong>est\u00e1 dirigida por Enrique Mendoza Gonzales, fisioterapeuta y osteopata (colegiado 5397) con amplia experiencia en el tratamiento de lesiones deportivas, traumatolog\u00eda, Ortopedia, terapia manual, acupuntura, punci\u00f3n seca, Osteopatia y Biomec\u00e1nica.<\/p>\n<p>En 2021 <strong>ampliamos nuestras instalaciones<\/strong> para ofrecer nuevos servicios como <strong>Nutrici\u00f3n<\/strong>, <strong>Psicolog\u00eda<\/strong>, <strong>Pedagog\u00eda<\/strong>, <strong>Talleres<\/strong> y <strong>Pilates<\/strong> entre otros.[\/vc_column_text][vc_column_text css=\u00bb.vc_custom_1638728893843{margin-right: 15% !important;margin-left: 15% !important;}\u00bb]<\/p>\n<h5>NUESTRO\u00a0EQUIPO<\/h5>\n<p>La\u00a0cl\u00ednica\u00a0Fisiomagna\u00a0est\u00e1\u00a0compuesta\u00a0por\u00a0un\u00a0selecto\u00a0equipo\u00a0de\u00a0profesionales\u00a0con\u00a0una\u00a0amplia\u00a0experiencia\u00a0en\u00a0diferentes\u00a0campos\u00a0de\u00a0la\u00a0fisioterapia,\u00a0osteopat\u00eda\u00a0y\u00a0la\u00a0podolog\u00eda.<\/p>\n<p>Estamos\u00a0especializados\u00a0en\u00a0m\u00faltiples\u00a0tipos\u00a0de\u00a0atenci\u00f3n:<\/p>\n<ul>\n<li>Osteopatia\u00a0y\u00a0Fisioterapia<\/li>\n<li>Fisioterapia\u00a0Deportiva\u00a0y\u00a0Traumatol\u00f3gica<\/li>\n<li>Inducci\u00f3n\u00a0Miofascial<\/li>\n<li>Acupuntura<\/li>\n<li>Drenaje\u00a0Linf\u00e1tico<\/li>\n<li>Unidad\u00a0de\u00a0Recuperaci\u00f3n\u00a0Posquir\u00fargica\u00a0Inmediata:\u00a0Tratamiento\u00a0postoperatorio\u00a0de\u00a0pr\u00f3tesis\/cicatrices).<\/li>\n<li>Nutrici\u00f3n y diet\u00e9tica<\/li>\n<li>Psicolog\u00eda<\/li>\n<li>Pedagog\u00eda<\/li>\n<li>Midfulness<\/li>\n<li>Pilates<\/li>\n<li>&#8230;<\/li>\n<\/ul>\n<p>Ofrecemos\u00a0servicios\u00a0personalizados\u00a0en\u00a0la\u00a0prevenci\u00f3n\u00a0y\u00a0tratamiento\u00a0de\u00a0la\u00a0disfunci\u00f3n\u00a0o\u00a0lesiones\u00a0que\u00a0afectan\u00a0a\u00a0nuestros\u00a0pacientes,\u00a0hacemos uso de las \u00faltimas t\u00e9cnicas de tratamiento: punci\u00f3n seca, vendaje neuromuscular, acupuntura,\u00a0ganchos, instrumentaci\u00f3n, inducci\u00f3n miofascial.<\/p>\n<p>Por\u00a0eso\u00a0podemos\u00a0decir\u00a0que\u00a0contamos\u00a0con\u00a0un\u00a0equipo\u00a0de\u00a0primer\u00a0nivel\u00a0para\u00a0dar\u00a0respuesta\u00a0a\u00a0las\u00a0necesidades\u00a0de\u00a0nuestro\u00a0pacientes.[\/vc_column_text][\/vc_column_inner][\/vc_row_inner][vc_separator][vc_column_text]<\/p>\n<p style=\"text-align: center;\">c\/Juan Borgo\u00f1a 10, 28805. Alcal\u00e1 de Henares. Madrid<\/p>\n<p style=\"text-align: center;\">Tlf. 918798632 &#8211; <strong>fisiomagna.es<\/strong><\/p>\n<p>[\/vc_column_text][\/vc_column][\/vc_row][vc_row type=\u00bbboxed\u00bb][vc_column width=\u00bb1\/3&#8243;][vc_single_image image=\u00bb3112&#8243; img_size=\u00bbfull\u00bb][vc_single_image image=\u00bb3146&#8243; img_size=\u00bbfull\u00bb][vc_single_image image=\u00bb3419&#8243; img_size=\u00bbfull\u00bb][\/vc_column][vc_column width=\u00bb1\/3&#8243;][vc_single_image image=\u00bb3145&#8243; img_size=\u00bbfull\u00bb alignment=\u00bbcenter\u00bb][vc_single_image image=\u00bb3420&#8243; img_size=\u00bbfull\u00bb][vc_single_image image=\u00bb3144&#8243; img_size=\u00bbfull\u00bb alignment=\u00bbcenter\u00bb][\/vc_column][vc_column width=\u00bb1\/3&#8243;][vc_single_image image=\u00bb3421&#8243; img_size=\u00bbfull\u00bb][vc_single_image image=\u00bb3148&#8243; img_size=\u00bbfull\u00bb alignment=\u00bbcenter\u00bb][vc_single_image image=\u00bb3147&#8243; img_size=\u00bbfull\u00bb alignment=\u00bbcenter\u00bb][\/vc_column][\/vc_row]<\/p>\n<\/div>","protected":false},"excerpt":{"rendered":"<p>[vc_row full_height=\u00bbyes\u00bb columns_placement=\u00bbstretch\u00bb equal_height=\u00bbyes\u00bb content_placement=\u00bbmiddle\u00bb columns_height=\u00bbadjust_cols_height\u00bb background_style=\u00bbnormal\u00bb][vc_column css=\u00bb.vc_custom_1531854052415{background-position: center !important;background-repeat: no-repeat !important;background-size: cover !important;}\u00bb offset=\u00bbvc_col-lg-12 vc_col-md-6&#8243;][vc_column_text] Fisiomagna [\/vc_column_text][vc_column_text] Fisioterapia \u00b7 Osteopatia \u00b7 Podologia [\/vc_column_text][vc_separator][vc_row_inner type=\u00bbboxed\u00bb css=\u00bb.vc_custom_1531854189752{margin-top: 45px !important;margin-bottom: 25px !important;}\u00bb][vc_column_inner][vc_column_text css=\u00bb.vc_custom_1638728770611{margin-right: 15% !important;margin-left: 15% !important;}\u00bb] QUIENES\u00a0SOMOS La\u00a0Cl\u00ednica\u00a0Fisiomagna\u00a0inicia\u00a0sus\u00a0andares\u00a0en\u00a0el\u00a02005,\u00a0desde\u00a0un\u00a0principio hemos querido ser un\u00a0centro de referencia\u00a0en la Fisioterapia, Osteopatia y la Biomec\u00e1nica en Alcal\u00e1 de Henares. La\u00a0Cl\u00ednica\u00a0Fisiomagna\u00a0es\u00a0un\u00a0centro\u00a0de\u00a0recuperaci\u00f3n\u00a0Integral, est\u00e1 [&hellip;]<\/p>\n","protected":false},"author":1,"featured_media":0,"parent":403,"menu_order":0,"comment_status":"closed","ping_status":"closed","template":"page-full-width.php","meta":{"footnotes":""},"class_list":["post-424","page","type-page","status-publish","hentry"],"_links":{"self":[{"href":"https:\/\/fisiomagna.es\/index.php\/wp-json\/wp\/v2\/pages\/424","targetHints":{"allow":["GET"]}}],"collection":[{"href":"https:\/\/fisiomagna.es\/index.php\/wp-json\/wp\/v2\/pages"}],"about":[{"href":"https:\/\/fisiomagna.es\/index.php\/wp-json\/wp\/v2\/types\/page"}],"author":[{"embeddable":true,"href":"https:\/\/fisiomagna.es\/index.php\/wp-json\/wp\/v2\/users\/1"}],"replies":[{"embeddable":true,"href":"https:\/\/fisiomagna.es\/index.php\/wp-json\/wp\/v2\/comments?post=424"}],"version-history":[{"count":18,"href":"https:\/\/fisiomagna.es\/index.php\/wp-json\/wp\/v2\/pages\/424\/revisions"}],"predecessor-version":[{"id":3423,"href":"https:\/\/fisiomagna.es\/index.php\/wp-json\/wp\/v2\/pages\/424\/revisions\/3423"}],"up":[{"embeddable":true,"href":"https:\/\/fisiomagna.es\/index.php\/wp-json\/wp\/v2\/pages\/403"}],"wp:attachment":[{"href":"https:\/\/fisiomagna.es\/index.php\/wp-json\/wp\/v2\/media?parent=424"}],"curies":[{"name":"wp","href":"https:\/\/api.w.org\/{rel}","templated":true}]}}