{"id":3493,"date":"2023-04-21T12:04:33","date_gmt":"2023-04-21T10:04:33","guid":{"rendered":"https:\/\/fisiomagna.es\/?page_id=3493"},"modified":"2023-04-21T12:05:09","modified_gmt":"2023-04-21T10:05:09","slug":"terapia-ocupacional-2","status":"publish","type":"page","link":"https:\/\/fisiomagna.es\/index.php\/terapia-ocupacional-2\/","title":{"rendered":"Terapia Ocupacional"},"content":{"rendered":"<p>[vc_row][vc_column][vc_column_text]<b>\u00bfQU\u00c9 ES LA TERAPIA OCUPACIONAL?<\/b><\/p>\n<p><span style=\"font-weight: 400;\">La Terapia Ocupacional es una profesi\u00f3n sociosanitaria, que, a trav\u00e9s del uso terap\u00e9utico de la ocupaci\u00f3n y actividades, tiene como objetivo brindar y\/o conservar a las personas autonom\u00eda e independencia cuando hayan atravesado o est\u00e9n sufriendo cualquier tipo de limitaci\u00f3n en aspectos motores, cognitivos, psicosociales y\/o sensoriales o incluso para prevenir futuros eventos.<\/span><\/p>\n<p>&nbsp;<\/p>\n<p><b>\u00bfEN QU\u00c9 CONSISTE?<\/b><\/p>\n<p><span style=\"font-weight: 400;\">La finalidad de la Terapia Ocupacional, es poder mejorar la calidad de vida de las personas, trabajando siempre con actividades significativas para la persona a trav\u00e9s de sus capacidades y as\u00ed poder continuar realizando sus actividades de la vida diaria, tanto en el hogar, como en la comunidad.<\/span><\/p>\n<p><span style=\"font-weight: 400;\">Para ello, el terapeuta se encarga de valorar cada caso concreto y plantear un tratamiento adecuado a cada caso.<\/span><\/p>\n<p>&nbsp;<\/p>\n<p><b>BENEFICIOS<\/b><\/p>\n<p><span style=\"font-weight: 400;\">La Terapia Ocupacional ofrece beneficios tanto a los pacientes en s\u00ed, como a los familiares:<\/span><\/p>\n<p><img loading=\"lazy\" decoding=\"async\" class=\"size-full wp-image-3494\" src=\"https:\/\/fisiomagna.es\/wp-content\/uploads\/2023\/04\/beneficios.png\" alt=\"Beneficios Terapia Ocupacional\" width=\"912\" height=\"721\" srcset=\"https:\/\/fisiomagna.es\/wp-content\/uploads\/2023\/04\/beneficios.png 912w, https:\/\/fisiomagna.es\/wp-content\/uploads\/2023\/04\/beneficios-300x237.png 300w, https:\/\/fisiomagna.es\/wp-content\/uploads\/2023\/04\/beneficios-768x607.png 768w, https:\/\/fisiomagna.es\/wp-content\/uploads\/2023\/04\/beneficios-600x474.png 600w\" sizes=\"auto, (max-width: 912px) 100vw, 912px\" \/><\/p>\n<p>&nbsp;<\/p>\n<p><b>\u00bfQU\u00c9 OFRECEMOS?<\/b><\/p>\n<ul>\n<li style=\"font-weight: 400;\" aria-level=\"1\"><span style=\"font-weight: 400;\">Sesiones individuales o en grupos reducidos de estimulaci\u00f3n cognitiva para trabajar la memoria, la atenci\u00f3n, la percepci\u00f3n, el lenguaje y el pensamiento.<\/span><\/li>\n<\/ul>\n<p>&nbsp;<\/p>\n<ul>\n<li style=\"font-weight: 400;\" aria-level=\"1\"><span style=\"font-weight: 400;\">Sesiones individuales o en grupos reducidos de psicomotricidad.<\/span><\/li>\n<\/ul>\n<p>&nbsp;<\/p>\n<ul>\n<li style=\"font-weight: 400;\" aria-level=\"1\"><span style=\"font-weight: 400;\">Rehabilitaci\u00f3n tras procesos neurol\u00f3gicos como ictus, traumatismos craneoencef\u00e1licos, etc.<\/span><\/li>\n<\/ul>\n<p>&nbsp;<\/p>\n<ul>\n<li style=\"font-weight: 400;\" aria-level=\"1\"><span style=\"font-weight: 400;\">Rehabilitaci\u00f3n tras lesiones de mano como fracturas de radio, s\u00edndrome de t\u00fanel carpiano, secci\u00f3n de tendones de dedos, dedos en resorte, etc.<\/span><\/li>\n<\/ul>\n<p>[\/vc_column_text][\/vc_column][\/vc_row][vc_row][vc_column][vc_single_image image=\u00bb3495&#8243; img_size=\u00bbfull\u00bb alignment=\u00bbcenter\u00bb][\/vc_column][\/vc_row]<\/p>\n","protected":false},"excerpt":{"rendered":"<p>[vc_row][vc_column][vc_column_text]\u00bfQU\u00c9 ES LA TERAPIA OCUPACIONAL? La Terapia Ocupacional es una profesi\u00f3n sociosanitaria, que, a trav\u00e9s del uso terap\u00e9utico de la ocupaci\u00f3n y actividades, tiene como objetivo brindar y\/o conservar a las personas autonom\u00eda e independencia cuando hayan atravesado o est\u00e9n sufriendo cualquier tipo de limitaci\u00f3n en aspectos motores, cognitivos, psicosociales y\/o sensoriales o incluso para [&hellip;]<\/p>\n","protected":false},"author":1,"featured_media":0,"parent":0,"menu_order":0,"comment_status":"closed","ping_status":"closed","template":"page-boxed.php","meta":{"footnotes":""},"class_list":["post-3493","page","type-page","status-publish","hentry"],"_links":{"self":[{"href":"https:\/\/fisiomagna.es\/index.php\/wp-json\/wp\/v2\/pages\/3493","targetHints":{"allow":["GET"]}}],"collection":[{"href":"https:\/\/fisiomagna.es\/index.php\/wp-json\/wp\/v2\/pages"}],"about":[{"href":"https:\/\/fisiomagna.es\/index.php\/wp-json\/wp\/v2\/types\/page"}],"author":[{"embeddable":true,"href":"https:\/\/fisiomagna.es\/index.php\/wp-json\/wp\/v2\/users\/1"}],"replies":[{"embeddable":true,"href":"https:\/\/fisiomagna.es\/index.php\/wp-json\/wp\/v2\/comments?post=3493"}],"version-history":[{"count":1,"href":"https:\/\/fisiomagna.es\/index.php\/wp-json\/wp\/v2\/pages\/3493\/revisions"}],"predecessor-version":[{"id":3496,"href":"https:\/\/fisiomagna.es\/index.php\/wp-json\/wp\/v2\/pages\/3493\/revisions\/3496"}],"wp:attachment":[{"href":"https:\/\/fisiomagna.es\/index.php\/wp-json\/wp\/v2\/media?parent=3493"}],"curies":[{"name":"wp","href":"https:\/\/api.w.org\/{rel}","templated":true}]}}