{"id":3388,"date":"2021-12-09T13:25:20","date_gmt":"2021-12-09T12:25:20","guid":{"rendered":"https:\/\/fisiomagna.es\/?page_id=3388"},"modified":"2021-12-09T13:44:21","modified_gmt":"2021-12-09T12:44:21","slug":"psicologia","status":"publish","type":"page","link":"https:\/\/fisiomagna.es\/index.php\/psicologia\/","title":{"rendered":"Psicolog\u00eda"},"content":{"rendered":"<div class=\"wpb-content-wrapper\"><p>[vc_row][vc_column][vc_column_text]En <strong>Fisiomagna<\/strong> entendemos que la conducta de cualquier persona se ve influenciada por factores cognitivos (pensamientos, actitudes, valores, etc.), emocionales y ambientales. Cuidar de <strong>nuestro bienestar emocional<\/strong> es igual de importante para nuestro bienestar f\u00edsico.<\/p>\n<p>Nuestra forma de trabajar, como en todos nuestros servicios, es encontrar el origen y no tratar solo los s\u00edntomas, las demandas propias e individuales de cada persona. Comenzamos con una evaluaci\u00f3n inicial y una entrevista, tras la que nuestras psic\u00f3loga elaborar\u00e1 un plan individual para ayudarte a conseguir los objetivos que buscas.<\/p>\n<p>Estos son algunos de los campos en los que podemos ayudarte con nuestro servicio de <strong>Psicolog\u00eda en Alcal\u00e1 de Henares<\/strong>:<\/p>\n<ul>\n<li>Psicoterapia en ansiedad.<\/li>\n<li>Estr\u00e9s, depresi\u00f3n y manejo del dolor.<\/li>\n<li>Neuropsicolog\u00eda.<\/li>\n<li>Psicolog\u00eda deportiva.<\/li>\n<li>Terapia individual y grupal.<\/li>\n<li>Tercera edad.<\/li>\n<\/ul>\n<p>&nbsp;<\/p>\n<h4>TALLER MINDFULNESS<\/h4>\n<p>Adem\u00e1s de las sesiones de psicolog\u00eda tenemos el<strong> taller de mindfulness<\/strong>. <span style=\"font-weight: 400;\">El taller inicial no supone una intervenci\u00f3n terap\u00e9utica en s\u00ed, se trata de <strong>una primera toma de contacto con el Mindfulness y sus t\u00e9cnicas<\/strong>. <\/span><span style=\"font-weight: 400;\">Los sucesivos encuentros suponen una intervenci\u00f3n grupal cuyos objetivos son psicoeducativos, centrados en la conexi\u00f3n mente-cuerpo al momento presente y el manejo de emociones dif\u00edciles. Su formato es eminentemente pr\u00e1ctico. <\/span><b>\u00a0<\/b><\/p>\n<p><span style=\"font-weight: 400;\">Siempre que fuera necesaria la intervenci\u00f3n individual, servir\u00e1n de apoyo a la terapia psicol\u00f3gica que est\u00e9 realizando la persona en ese momento.<\/span><\/p>\n<p><span style=\"font-weight: 400;\"><strong>El Mindfulness<\/strong>, es una herramienta avalada cient\u00edficamente cuya aplicaci\u00f3n est\u00e1 relativamente bien consensuada. Diversos estudios cient\u00edficos psicofisiol\u00f3gicos y de neuroimagen, demuestran cambios estructurales y funcionales en diversas regiones cerebrales relacionadas con la regulaci\u00f3n de los impulsos y las emociones y el control atencional.\u00a0<\/span><\/p>\n<p>&nbsp;<\/p>\n<p><em>Para m\u00e1s informaci\u00f3n, reservar cita con nuestra psic\u00f3loga o apuntarte al taller de mindfulness puedes ponerte en contacto con nosotros por WhatsApp\u00a0<strong>675102477<\/strong>, o llamando al\u00a0<strong>918798632<\/strong>.<\/em>[\/vc_column_text][\/vc_column][\/vc_row][vc_row][vc_column][vc_single_image image=\u00bb3390&#8243; img_size=\u00bbfull\u00bb alignment=\u00bbcenter\u00bb][\/vc_column][\/vc_row]<\/p>\n<\/div>","protected":false},"excerpt":{"rendered":"<p>[vc_row][vc_column][vc_column_text]En Fisiomagna entendemos que la conducta de cualquier persona se ve influenciada por factores cognitivos (pensamientos, actitudes, valores, etc.), emocionales y ambientales. Cuidar de nuestro bienestar emocional es igual de importante para nuestro bienestar f\u00edsico. Nuestra forma de trabajar, como en todos nuestros servicios, es encontrar el origen y no tratar solo los s\u00edntomas, las [&hellip;]<\/p>\n","protected":false},"author":1,"featured_media":0,"parent":0,"menu_order":0,"comment_status":"closed","ping_status":"closed","template":"page-boxed.php","meta":{"footnotes":""},"class_list":["post-3388","page","type-page","status-publish","hentry"],"_links":{"self":[{"href":"https:\/\/fisiomagna.es\/index.php\/wp-json\/wp\/v2\/pages\/3388","targetHints":{"allow":["GET"]}}],"collection":[{"href":"https:\/\/fisiomagna.es\/index.php\/wp-json\/wp\/v2\/pages"}],"about":[{"href":"https:\/\/fisiomagna.es\/index.php\/wp-json\/wp\/v2\/types\/page"}],"author":[{"embeddable":true,"href":"https:\/\/fisiomagna.es\/index.php\/wp-json\/wp\/v2\/users\/1"}],"replies":[{"embeddable":true,"href":"https:\/\/fisiomagna.es\/index.php\/wp-json\/wp\/v2\/comments?post=3388"}],"version-history":[{"count":3,"href":"https:\/\/fisiomagna.es\/index.php\/wp-json\/wp\/v2\/pages\/3388\/revisions"}],"predecessor-version":[{"id":3393,"href":"https:\/\/fisiomagna.es\/index.php\/wp-json\/wp\/v2\/pages\/3388\/revisions\/3393"}],"wp:attachment":[{"href":"https:\/\/fisiomagna.es\/index.php\/wp-json\/wp\/v2\/media?parent=3388"}],"curies":[{"name":"wp","href":"https:\/\/api.w.org\/{rel}","templated":true}]}}