{"id":3376,"date":"2021-12-09T11:19:11","date_gmt":"2021-12-09T10:19:11","guid":{"rendered":"https:\/\/fisiomagna.es\/?page_id=3376"},"modified":"2021-12-09T13:49:47","modified_gmt":"2021-12-09T12:49:47","slug":"nutricion","status":"publish","type":"page","link":"https:\/\/fisiomagna.es\/index.php\/nutricion\/","title":{"rendered":"Nutrici\u00f3n"},"content":{"rendered":"<p>[vc_row][vc_column][vc_column_text]En <strong>Cl\u00ednica Fisiomagna<\/strong> siempre pensamos en el paciente, y por ello, hemos incorporado el servicio de <strong>nutrici\u00f3n y diet\u00e9tica<\/strong>. Como profesionales sanitarios consideramos que <strong>llevar un estilo de vida saludable<\/strong> (tener una buena alimentaci\u00f3n, realizar actividad f\u00edsica, tener un buen descanso, disminuir el dolor corporal, y regular los niveles de estr\u00e9s) <strong>mejora la salud y aumenta los niveles de bienestar<\/strong>.<\/p>\n<p>Debido a esto, en Fisiomagna no pod\u00eda faltar el servicio de nutrici\u00f3n, para poder ayudar a nivel f\u00edsico y alimentario a que nuestros pacientes puedan alcanzar o mejorar su estado de salud f\u00edsica y mental.<\/p>\n<p>El servicio de <strong>nutrici\u00f3n en Alcal\u00e1 de Henares<\/strong>, ser\u00e1 llevado por la nutricionista Luc\u00eda Lobo Mu\u00f1oz, dispuesta a ayudar a los pacientes a seguir un estilo de vida saludable mediante educaci\u00f3n nutricional, a ganar o perder peso mediante una alimentaci\u00f3n variada, equilibrada, saludable y personalizada. Trabajar\u00e1 con el paciente la ansiedad por la comida, la saciedad y otros factores que influyen en la alimentaci\u00f3n, ayudar\u00e1 a los pacientes a mejorar su bienestar intestinal atendiendo a sus alergias o intolerancias y tambi\u00e9n, a podr\u00e1 ayudarte con tu alimentaci\u00f3n si haces deporte.<\/p>\n<p>&nbsp;<\/p>\n<h4>LUC\u00cdA LOBO MU\u00d1OZ<\/h4>\n<ul>\n<li>Dietista-nutricionista cl\u00ednica<strong> graduada por la Universidad Aut\u00f3noma de Madrid<\/strong>.<\/li>\n<li><strong>Experta en obesidad<\/strong> por el Instituto de Ciencias de Nutrici\u00f3n y Salud (ICNS).<\/li>\n<li>Formaci\u00f3n en atenci\u00f3n en la consulta por el <strong>Instituto de Ciencias de Nutrici\u00f3n y Salud (ICNS)<\/strong>.<\/li>\n<li>M\u00e1ster oficial en <strong>Trastornos del comportamiento alimentario y obesidad por la Universidad Europea de Madrid<\/strong>.<\/li>\n<li>N\u00famero de colegiada MAD00381.<\/li>\n<\/ul>\n<p>&nbsp;<\/p>\n<h4>Tratamiento diet\u00e9tico para el control del peso con dietas personalizadas<\/h4>\n<ul>\n<li>Valoraci\u00f3n f\u00edsica<\/li>\n<li>An\u00e1lisis de la composici\u00f3n corporal<\/li>\n<li>Asesoramiento diet\u00e9tico y educaci\u00f3n nutricional<\/li>\n<li>Dieta adecuada para cada momento personal<\/li>\n<\/ul>\n<p>&nbsp;<\/p>\n<h4>Nutrici\u00f3n deportiva<\/h4>\n<p>Concienciar al deportista de la importancia de la alimentaci\u00f3n para su <strong>rendimiento en el ejercicio<\/strong>, con la finalidad de:<\/p>\n<ul>\n<li>Preservar el estado de salud<\/li>\n<li>Incrementar el rendimiento<\/li>\n<li>Permitir el equilibrado desarrollo de la masa muscular<\/li>\n<\/ul>\n<p>&nbsp;<\/p>\n<h4>Nutrici\u00f3n y diet\u00e9tica en patolog\u00edas espec\u00edficas<\/h4>\n<p><strong>Alergias<\/strong>, <strong>intolerancias<\/strong>, <strong>patolog\u00edas digestivas<\/strong> y <strong>nutrici\u00f3n cl\u00ednica<\/strong>. A trav\u00e9s de la alimentaci\u00f3n, en ciertas enfermedades podemos mejorar nuestra calidad de vida, prevenir y ralentizar el desarrollo de la enfermedad, p.e: enfermedades cardiovasculares, c\u00e1ncer, esclerosis m\u00faltiple, artrosis y artritis, fibromialgia\u2026<\/p>\n<p>&nbsp;<\/p>\n<h4>Nutrici\u00f3n para diferentes etapas de la vida<\/h4>\n<ul>\n<li><strong>Ni\u00f1os y adolescentes:<\/strong> muy importante a parte del control del peso, la educaci\u00f3n nutricional y la adaptaci\u00f3n de ciertos h\u00e1bitos alimentarios.<\/li>\n<li><strong>Embarazo:<\/strong> control del peso y una correcta alimentaci\u00f3n para el desarrollo perfecto del feto, cubriendo todas las necesidades nutricionales.<\/li>\n<li><strong>Menopausia:<\/strong> etapa en la cual es prioritario un estilo de vida saludable para el control y bajada de peso y volumen.<\/li>\n<\/ul>\n<p>&nbsp;<\/p>\n<p>&nbsp;[\/vc_column_text][\/vc_column][\/vc_row][vc_row][vc_column][vc_single_image image=\u00bb3379&#8243; img_size=\u00bbfull\u00bb alignment=\u00bbcenter\u00bb][\/vc_column][\/vc_row]<\/p>\n","protected":false},"excerpt":{"rendered":"<p>[vc_row][vc_column][vc_column_text]En Cl\u00ednica Fisiomagna siempre pensamos en el paciente, y por ello, hemos incorporado el servicio de nutrici\u00f3n y diet\u00e9tica. Como profesionales sanitarios consideramos que llevar un estilo de vida saludable (tener una buena alimentaci\u00f3n, realizar actividad f\u00edsica, tener un buen descanso, disminuir el dolor corporal, y regular los niveles de estr\u00e9s) mejora la salud y [&hellip;]<\/p>\n","protected":false},"author":1,"featured_media":0,"parent":0,"menu_order":0,"comment_status":"closed","ping_status":"closed","template":"page-boxed.php","meta":{"footnotes":""},"class_list":["post-3376","page","type-page","status-publish","hentry"],"_links":{"self":[{"href":"https:\/\/fisiomagna.es\/index.php\/wp-json\/wp\/v2\/pages\/3376","targetHints":{"allow":["GET"]}}],"collection":[{"href":"https:\/\/fisiomagna.es\/index.php\/wp-json\/wp\/v2\/pages"}],"about":[{"href":"https:\/\/fisiomagna.es\/index.php\/wp-json\/wp\/v2\/types\/page"}],"author":[{"embeddable":true,"href":"https:\/\/fisiomagna.es\/index.php\/wp-json\/wp\/v2\/users\/1"}],"replies":[{"embeddable":true,"href":"https:\/\/fisiomagna.es\/index.php\/wp-json\/wp\/v2\/comments?post=3376"}],"version-history":[{"count":3,"href":"https:\/\/fisiomagna.es\/index.php\/wp-json\/wp\/v2\/pages\/3376\/revisions"}],"predecessor-version":[{"id":3402,"href":"https:\/\/fisiomagna.es\/index.php\/wp-json\/wp\/v2\/pages\/3376\/revisions\/3402"}],"wp:attachment":[{"href":"https:\/\/fisiomagna.es\/index.php\/wp-json\/wp\/v2\/media?parent=3376"}],"curies":[{"name":"wp","href":"https:\/\/api.w.org\/{rel}","templated":true}]}}