{"id":3155,"date":"2019-05-10T22:11:13","date_gmt":"2019-05-10T20:11:13","guid":{"rendered":"https:\/\/fisiomagna.es\/?page_id=3155"},"modified":"2019-05-10T22:23:04","modified_gmt":"2019-05-10T20:23:04","slug":"radiofrecuencia","status":"publish","type":"page","link":"https:\/\/fisiomagna.es\/index.php\/radiofrecuencia\/","title":{"rendered":"Radiofrecuencia"},"content":{"rendered":"<p>[vc_row][vc_column width=\u00bb2\/3&#8243;][vc_column_text]<\/p>\n<h4><\/h4>\n<h4>\u00bfQU\u00c9 ES LA RADIOFRECUENCIA O TECARTERAPIA?<\/h4>\n<p>Es una corriente de alta frecuencia que oscila entre 300 KHz y 1 MHz. Esta corriente estimula la \u201cauto-reparaci\u00f3n\u201d de los tejidos facilitando el intercambio dentro y fuera de la c\u00e9lula. Combinado con la pr\u00e1ctica del Fisioterapeuta u Oste\u00f3pata, ofrece resultados espectaculares en la rehabilitaci\u00f3n gracias a una r\u00e1pida rehabilitaci\u00f3n de las funciones musculares y articulares. Es un verdadero bio-acelerador fisiol\u00f3gico.<\/p>\n<h4><\/h4>\n<h4>\u00bfEN\u00a0QU\u00c9 CONSISTE?<\/h4>\n<p>A diferencia de la electroestimulaci\u00f3n o el ultrasonido, la tecarterapia genera un campo magn\u00e9tico de baja intensidad que la convierte en una energ\u00eda no invasiva y natural para el cuerpo<br \/>\nhumano. La gama de frecuencias desarrollada por WINBACK permite llegar a un objetivo preciso de las diferentes capas de tejido (m\u00fasculos, articulaciones, huesos \u2026),\u00a0permitiendo alcanzar patolog\u00edas profundas y dolorosas, hasta entonces consideradas inalcanzables.[\/vc_column_text][\/vc_column][vc_column width=\u00bb1\/3&#8243;][vc_single_image image=\u00bb3158&#8243; img_size=\u00bbfull\u00bb alignment=\u00bbcenter\u00bb][\/vc_column][\/vc_row][vc_row][vc_column][vc_column_text]<\/p>\n<h4>INDICACIONES<\/h4>\n<p>La Fisioterapia no solo es la aplicaci\u00f3n de diversos agentes f\u00edsicos para mitigar una lesi\u00f3n, es primero ante todo un estudio de la causa que provoca dicha lesi\u00f3n. <strong>El fisioterapeuta utiliza sus manos para sentir, valorar, tratar, recuperar, mantener y prevenir lesiones de nuestro cuerpo<\/strong>.<\/p>\n<p>La\u00a0tecarterapia WINBACK\u00a0ofrece diversos tratamientos \u00fanicos para patolog\u00edas cr\u00f3nicas y agudas (con poqu\u00edsimas contraindicaciones). Hable con su fisioterapeuta para obtener el tratamiento espec\u00edfico para su patolog\u00eda.<\/p>\n<p>&nbsp;<\/p>\n<h5>PRESCRIPCI\u00d3N M\u00c9DICA: TECARTERAPIA WINBACK<\/h5>\n<p>Una sesi\u00f3n de tecarterapia WINBACK es como una sesi\u00f3n cl\u00e1sica de fisioterapia manual con la ventaja adicional de la aplicaci\u00f3n de la energ\u00eda WINBACK. Los tratamientos de fisioterapia los efect\u00faa un fisioterapeuta profesional cualificado.<\/p>\n<p>Las lesiones causan contusiones y se deben tratar de inmediato para reestructurar el tejido da\u00f1ado y detener el proceso inflamatorio. Para poder facilitar la cirug\u00eda, se reducen los derrames pre-operatorios y edemas. En fase post-operatoria, se reducen las complicaciones terap\u00e9uticas. Despu\u00e9s de una competici\u00f3n, un masaje profundo con la energ\u00eda <strong>WINBACK relaja eficazmente los m\u00fasculos tensionados por el esfuerzo intenso<\/strong>. Estos movimientos estimulantes y relajantes restablecen la estructura biomec\u00e1nica m\u00e1s r\u00e1pidamente devolviendo tonicidad al m\u00fasculo.<\/p>\n<p><strong>La terapia WINBACK ofrece una soluci\u00f3n<\/strong> a los resultados comprobados <strong>en la atenci\u00f3n del posparto<\/strong>. Su acci\u00f3n reduce el dolor y acelera la curaci\u00f3n, mejorando la experiencia de la mujer despu\u00e9s del parto.<\/p>\n<p>&nbsp;<\/p>\n<h5>FISIOTERAPIA DEPORTIVA<\/h5>\n<p>La tecarterapia WINBACK optimiza el rendimiento de los deportistas y atletas de \u00e9lite. La radiofrecuencia atiende a las terapias de emergencia en las lesiones m\u00fasculo- esquel\u00e9ticas agudas. . La energ\u00eda de Winback reduce el traumatismo de forma inmediata y ofrece al deportista una reincorporaci\u00f3n m\u00e1s r\u00e1pida y eficaz a su actividad f\u00edsica.<\/p>\n<p>&nbsp;<\/p>\n<h5>WOMAN CARE Y CUIDADOS POSTPARTO<\/h5>\n<p>Son muchos los trastornos que pueden alterar la calidad de vida de la mujer, los tratamientos con Radiofrecuencia desempe\u00f1an unpapel fundamental en la mejora de las vidas cotidianas y en el proceso de curaci\u00f3n: alivian el dolor, ayudan a la recuperaci\u00f3n de la actividad f\u00edsica, aceleran la curaci\u00f3n y previenen enfermedades\u2026[\/vc_column_text][\/vc_column][\/vc_row][vc_row][vc_column width=\u00bb1\/2&#8243;][vc_column_text]<\/p>\n<h5>EJEMPLOS DE APLICACIONES TERAP\u00c9UTICAS<\/h5>\n<ul>\n<li>Artrosis<\/li>\n<li>Artritis<\/li>\n<li>Fibromialgia<\/li>\n<li>Cervicalgia<\/li>\n<li>Lumbalgia<\/li>\n<li>Ci\u00e1tica<\/li>\n<li>Epicondilitis del codo<\/li>\n<li>Poliartritis reumatoide<\/li>\n<li>Hombro doloroso<\/li>\n<li>Lesiones musculares<\/li>\n<li>Lesiones ligamentosas<\/li>\n<li>Desgarros musculares<\/li>\n<li>Esguinces<\/li>\n<li>Fracturas<\/li>\n<li>Pr\u00f3tesis y osteos\u00edntesis<\/li>\n<li>Traumatismo agudo<\/li>\n<li>Trastorno de estr\u00e9s postraum\u00e1tico cr\u00f3nico<\/li>\n<li>Dolor p\u00e9lvico y perineal<\/li>\n<li>Desgarros, episiotom\u00edas<\/li>\n<li>Edemas, hematomas<\/li>\n<li>Cicatrizaci\u00f3n post ces\u00e1rea<\/li>\n<li>Adherencias, fibrosis<\/li>\n<li>Vaginismo<\/li>\n<li>Vulvodinia<\/li>\n<li>Incontinencia<\/li>\n<li>Punto gatillo<\/li>\n<li>Manejo del estr\u00e9s<\/li>\n<\/ul>\n<p>[\/vc_column_text][\/vc_column][vc_column width=\u00bb1\/2&#8243;][vc_single_image image=\u00bb3159&#8243; img_size=\u00bbfull\u00bb alignment=\u00bbcenter\u00bb][\/vc_column][\/vc_row]<\/p>\n","protected":false},"excerpt":{"rendered":"<p>[vc_row][vc_column width=\u00bb2\/3&#8243;][vc_column_text] \u00bfQU\u00c9 ES LA RADIOFRECUENCIA O TECARTERAPIA? Es una corriente de alta frecuencia que oscila entre 300 KHz y 1 MHz. Esta corriente estimula la \u201cauto-reparaci\u00f3n\u201d de los tejidos facilitando el intercambio dentro y fuera de la c\u00e9lula. Combinado con la pr\u00e1ctica del Fisioterapeuta u Oste\u00f3pata, ofrece resultados espectaculares en la rehabilitaci\u00f3n gracias a [&hellip;]<\/p>\n","protected":false},"author":1,"featured_media":0,"parent":0,"menu_order":0,"comment_status":"closed","ping_status":"closed","template":"","meta":{"footnotes":""},"class_list":["post-3155","page","type-page","status-publish","hentry"],"_links":{"self":[{"href":"https:\/\/fisiomagna.es\/index.php\/wp-json\/wp\/v2\/pages\/3155","targetHints":{"allow":["GET"]}}],"collection":[{"href":"https:\/\/fisiomagna.es\/index.php\/wp-json\/wp\/v2\/pages"}],"about":[{"href":"https:\/\/fisiomagna.es\/index.php\/wp-json\/wp\/v2\/types\/page"}],"author":[{"embeddable":true,"href":"https:\/\/fisiomagna.es\/index.php\/wp-json\/wp\/v2\/users\/1"}],"replies":[{"embeddable":true,"href":"https:\/\/fisiomagna.es\/index.php\/wp-json\/wp\/v2\/comments?post=3155"}],"version-history":[{"count":3,"href":"https:\/\/fisiomagna.es\/index.php\/wp-json\/wp\/v2\/pages\/3155\/revisions"}],"predecessor-version":[{"id":3161,"href":"https:\/\/fisiomagna.es\/index.php\/wp-json\/wp\/v2\/pages\/3155\/revisions\/3161"}],"wp:attachment":[{"href":"https:\/\/fisiomagna.es\/index.php\/wp-json\/wp\/v2\/media?parent=3155"}],"curies":[{"name":"wp","href":"https:\/\/api.w.org\/{rel}","templated":true}]}}