{"id":3003,"date":"2018-09-30T11:42:34","date_gmt":"2018-09-30T11:42:34","guid":{"rendered":"https:\/\/fisiomagna.es\/?page_id=3003"},"modified":"2018-12-02T20:00:52","modified_gmt":"2018-12-02T19:00:52","slug":"postcirugia","status":"publish","type":"page","link":"https:\/\/fisiomagna.es\/index.php\/postcirugia\/","title":{"rendered":"Postcirug\u00eda"},"content":{"rendered":"<p>[vc_row][vc_column][vc_single_image image=\u00bb3091&#8243; img_size=\u00bbfull\u00bb alignment=\u00bbcenter\u00bb style=\u00bbvc_box_shadow_border\u00bb][\/vc_column][\/vc_row][vc_row][vc_column][vc_column_text]<\/p>\n<h3>FISIOTERAPIA PRE Y POST QUIR\u00daRGICA<\/h3>\n<p>Antes de realizar una intervenci\u00f3n, es importante preparar las estructuras anat\u00f3micas con la finalidad de mejorar y acelerar el post-operatorio. Los objetivos del\u00a0tratamiento de fisioterapia pre-operatorio\u00a0son <strong>fortalecer, movilizar y armonizar<\/strong>, de manera que el paciente llegue a la operaci\u00f3n en condiciones \u00f3ptimas y de esta manera en disponibilidad de mejor calidad muscular, la recuperaci\u00f3n postquir\u00fargica sea m\u00e1s efectiva y r\u00e1pida.<\/p>\n<p><strong>Despu\u00e9s de la operaci\u00f3n es fundamental llevar a cabo un\u00a0tratamiento de fisioterapia post-operatorio<\/strong>\u00a0adaptado al tipo de intervenci\u00f3n realizada, <strong>con la finalidad de recuperar la movilidad y fuerza de la zona afecta<\/strong>.<\/p>\n<p>Las intervenciones del aparato locomotor m\u00e1s comunes son:<\/p>\n<ul>\n<li><strong>Cirug\u00eda de hombro y codo<\/strong>: por luxaciones, tendinitis del manguito de los rotadores, fracturas.<\/li>\n<li><strong>Cirug\u00eda de rodilla<\/strong>: ligamentosas, meniscales, pr\u00f3tesis de rodilla.<\/li>\n<li><strong>Cirug\u00eda de cadera<\/strong>: Pr\u00f3tesis de cadera, osteos\u00edntesis.<\/li>\n<li><strong>Cirug\u00eda de tobillo y pie<\/strong>: por esguinces, fracturas\u2026<\/li>\n<\/ul>\n<p>El tratamiento de fisioterapia es particular en cada una de las cirug\u00edas pero de manera gen\u00e9rica est\u00e1 orientado a:<\/p>\n<ul>\n<li>Disminuir el dolor.<\/li>\n<li>Resolver el edema.<\/li>\n<li>Tratar la cicatriz: evitar adherencias.<\/li>\n<li>Recuperar el Balance Articular.<\/li>\n<li>Reestablecer el Balance Muscular.<\/li>\n<li>Obtener la m\u00e1xima capacidad funcional e independencia del paciente.<\/li>\n<\/ul>\n<p>[\/vc_column_text][\/vc_column][\/vc_row]<\/p>\n","protected":false},"excerpt":{"rendered":"<p>[vc_row][vc_column][vc_single_image image=\u00bb3091&#8243; img_size=\u00bbfull\u00bb alignment=\u00bbcenter\u00bb style=\u00bbvc_box_shadow_border\u00bb][\/vc_column][\/vc_row][vc_row][vc_column][vc_column_text] FISIOTERAPIA PRE Y POST QUIR\u00daRGICA Antes de realizar una intervenci\u00f3n, es importante preparar las estructuras anat\u00f3micas con la finalidad de mejorar y acelerar el post-operatorio. Los objetivos del\u00a0tratamiento de fisioterapia pre-operatorio\u00a0son fortalecer, movilizar y armonizar, de manera que el paciente llegue a la operaci\u00f3n en condiciones \u00f3ptimas y de esta [&hellip;]<\/p>\n","protected":false},"author":1,"featured_media":0,"parent":0,"menu_order":0,"comment_status":"closed","ping_status":"closed","template":"page-boxed.php","meta":{"footnotes":""},"class_list":["post-3003","page","type-page","status-publish","hentry"],"_links":{"self":[{"href":"https:\/\/fisiomagna.es\/index.php\/wp-json\/wp\/v2\/pages\/3003","targetHints":{"allow":["GET"]}}],"collection":[{"href":"https:\/\/fisiomagna.es\/index.php\/wp-json\/wp\/v2\/pages"}],"about":[{"href":"https:\/\/fisiomagna.es\/index.php\/wp-json\/wp\/v2\/types\/page"}],"author":[{"embeddable":true,"href":"https:\/\/fisiomagna.es\/index.php\/wp-json\/wp\/v2\/users\/1"}],"replies":[{"embeddable":true,"href":"https:\/\/fisiomagna.es\/index.php\/wp-json\/wp\/v2\/comments?post=3003"}],"version-history":[{"count":5,"href":"https:\/\/fisiomagna.es\/index.php\/wp-json\/wp\/v2\/pages\/3003\/revisions"}],"predecessor-version":[{"id":3093,"href":"https:\/\/fisiomagna.es\/index.php\/wp-json\/wp\/v2\/pages\/3003\/revisions\/3093"}],"wp:attachment":[{"href":"https:\/\/fisiomagna.es\/index.php\/wp-json\/wp\/v2\/media?parent=3003"}],"curies":[{"name":"wp","href":"https:\/\/api.w.org\/{rel}","templated":true}]}}