{"id":3000,"date":"2018-09-30T11:41:51","date_gmt":"2018-09-30T11:41:51","guid":{"rendered":"https:\/\/fisiomagna.es\/?page_id=3000"},"modified":"2018-12-02T20:42:32","modified_gmt":"2018-12-02T19:42:32","slug":"biomecanica","status":"publish","type":"page","link":"https:\/\/fisiomagna.es\/index.php\/biomecanica\/","title":{"rendered":"Biomecanica"},"content":{"rendered":"<div class=\"wpb-content-wrapper\"><p>[vc_row][vc_column width=\u00bb1\/2&#8243;][vc_empty_space][vc_column_text]<\/p>\n<h3><b>E<\/b><b>studio biomec\u00e1nico de la marcha y la pisada<\/b><\/h3>\n<p><span style=\"font-weight: 400;\">El estudio biomec\u00e1nico de la marcha\u00a0es la exploraci\u00f3n por la cual\u00a0analizamos la <strong>posici\u00f3n de los pies en est\u00e1tico y en movimiento, as\u00ed como el comportamiento de rodillas, cadera y columna<\/strong>.\u00a0 Esto nos permite identificar y tratar las causas biomec\u00e1nicas que producen alteraciones en el pie y la postura.<\/span><\/p>\n<p><span style=\"font-weight: 400;\">Muchas molestias del aparato locomotor no est\u00e1n causadas por traumatismos sino por problemas en nuestra manera de caminar, correr o simplemente estar de pie.<\/span><span style=\"font-weight: 400;\">\u00a0<\/span><\/p>\n<p><span style=\"font-weight: 400;\">Incluso las pruebas radiogr\u00e1ficas o resonancias magn\u00e9ticas no permiten encontrar la causa del problema. Por ello <strong>un estudio biomec\u00e1nico de la marcha y un an\u00e1lisis postural es la mejor opci\u00f3n<\/strong> para determinar las causas de dichos problemas.<\/span><\/p>\n<p><span style=\"font-weight: 400;\">Esta prueba nos permite conocer si existen desajustes biomec\u00e1nicos y posturales en el aparato locomotor que puedan provocar lesiones a corto o largo plazo, \u00a0adem\u00e1s nos permitir\u00e1\u00a0<\/span><b>elegir un adecuado tipo de calzado seg\u00fan nuestra manera de caminar<\/b><span style=\"font-weight: 400;\">.<\/span>[\/vc_column_text][\/vc_column][vc_column width=\u00bb1\/2&#8243;][vc_empty_space][vc_single_image image=\u00bb3077&#8243; img_size=\u00bbfull\u00bb alignment=\u00bbcenter\u00bb style=\u00bbvc_box_shadow_border\u00bb][\/vc_column][\/vc_row][vc_row][vc_column][vc_empty_space][vc_column_text]<\/p>\n<h3><strong>\u00bfEn qu\u00e9 consiste el estudio biomec\u00e1nico de la marcha y la pisada?<\/strong><\/h3>\n<ol>\n<li style=\"font-weight: 400;\"><span style=\"font-weight: 400;\">Entrevista con el paciente en la que\u00a0<\/span><b>valoramos su historial cl\u00ednico<\/b><span style=\"font-weight: 400;\">\u00a0con el fin de conocer si ha sufrido lesiones importantes que debamos tener en cuenta.<\/span><\/li>\n<li style=\"font-weight: 400;\"><span style=\"font-weight: 400;\">Observamos caminando con y sin calzado, de este modo analizamos los ejes mec\u00e1nicos de pierna, pelvis y espalda para\u00a0<\/span><b>determinar posibles desequilibrios o desajustes que puedan desencadenar lesiones o patolog\u00edas<\/b><span style=\"font-weight: 400;\">.<\/span><\/li>\n<li style=\"font-weight: 400;\"><span style=\"font-weight: 400;\">Vemos al paciente caminando descalzo para <strong>ver c\u00f3mo act\u00faan los dedos y la musculatura del pie<\/strong> en acci\u00f3n.<\/span><\/li>\n<li style=\"font-weight: 400;\"><span style=\"font-weight: 400;\">Estudio din\u00e1mico de la huella plantar mediante la plataforma de presiones, en la que analizamos la repartici\u00f3n de cargas que efect\u00faa el cuerpo encima del pie en movimiento.<\/span><i><span style=\"font-weight: 400;\">\u00a0<\/span><\/i><span style=\"font-weight: 400;\"> Exploraci\u00f3n t\u00e1ctil de espalda y piernas, en la que\u00a0<\/span><b>analizamos la postura global del cuerpo<\/b><span style=\"font-weight: 400;\">\u00a0y las tensiones musculares que se producen.<\/span><\/li>\n<li style=\"font-weight: 400;\"><strong>Estudio del equilibrio est\u00e1tico<\/strong>, el cual nos permite ver el comportamiento del cuerpo en carga monopodal.<\/li>\n<li style=\"font-weight: 400;\"><span style=\"font-weight: 400;\">Exploraci\u00f3n de rangos articulares.<\/span><\/li>\n<\/ol>\n<p>[\/vc_column_text][vc_single_image image=\u00bb3078&#8243; img_size=\u00bbfull\u00bb alignment=\u00bbcenter\u00bb style=\u00bbvc_box_shadow_border\u00bb][vc_column_text]<span style=\"font-weight: 400;\">Una vez realizado el estudio biomec\u00e1nico de la marcha y la pisada, y observadas las alteraciones, se dise\u00f1a el tratamiento\u00a0mediante\u00a0<\/span><b>plantillas personalizadas<\/b><span style=\"font-weight: 400;\">. Gracias a ellas se\u00a0corrigen\u00a0dichas alteraciones, aplicando los grados de correcci\u00f3n\u00a0progresivamente, en funci\u00f3n de los resultados obtenidos tras la exploraci\u00f3n inicial y visitas de seguimiento.<\/span>[\/vc_column_text][\/vc_column][\/vc_row][vc_row][vc_column width=\u00bb1\/2&#8243;][vc_column_text]<\/p>\n<h3><b>Indicaciones<\/b><\/h3>\n<ul>\n<li><span style=\"font-weight: 400;\">Pies valgos<\/span><\/li>\n<li><span style=\"font-weight: 400;\">Pies cavos<\/span><\/li>\n<li><span style=\"font-weight: 400;\">Pies planos<\/span><\/li>\n<li><span style=\"font-weight: 400;\">Genu valgo<\/span><\/li>\n<li><span style=\"font-weight: 400;\">Genu Varo<\/span><\/li>\n<li><span style=\"font-weight: 400;\">Escoliosis<\/span><\/li>\n<li><span style=\"font-weight: 400;\">Pies aductos<\/span><\/li>\n<li><span style=\"font-weight: 400;\">Sobrecargas musculares<\/span><\/li>\n<li><span style=\"font-weight: 400;\">Tendinitis<\/span><\/li>\n<li><span style=\"font-weight: 400;\">Sobrecargas musculares<\/span><\/li>\n<li><span style=\"font-weight: 400;\">Entesitis<\/span><\/li>\n<li><span style=\"font-weight: 400;\">Periostitis<\/span><\/li>\n<li><span style=\"font-weight: 400;\">Gonalgias<\/span><\/li>\n<\/ul>\n<h3><\/h3>\n<p>[\/vc_column_text][\/vc_column][vc_column width=\u00bb1\/2&#8243;][vc_column_text]<\/p>\n<ul>\n<li><span style=\"font-weight: 400;\">Sgood slater<\/span><\/li>\n<li><span style=\"font-weight: 400;\">Gonartrosis<\/span><\/li>\n<li><span style=\"font-weight: 400;\">Coxartrosis<\/span><\/li>\n<li><span style=\"font-weight: 400;\">Hallux valgus<\/span><\/li>\n<li><span style=\"font-weight: 400;\">Metatarsalgia<\/span><\/li>\n<li><span style=\"font-weight: 400;\">Dedos en garra<\/span><\/li>\n<li><span style=\"font-weight: 400;\">Lumbalgia<\/span><\/li>\n<li><span style=\"font-weight: 400;\">Alteraciones de los pies<\/span><\/li>\n<li><span style=\"font-weight: 400;\">Fascitis plantar<\/span><\/li>\n<li><span style=\"font-weight: 400;\">Espol\u00f3n calc\u00e1neo<\/span><\/li>\n<li><span style=\"font-weight: 400;\">Neuromas de Morton<\/span><\/li>\n<li><span style=\"font-weight: 400;\">Periostitis<\/span><\/li>\n<li><span style=\"font-weight: 400;\">Condropat\u00edas<\/span><\/li>\n<\/ul>\n<h3><\/h3>\n<p>[\/vc_column_text][\/vc_column][\/vc_row][vc_row][vc_column][vc_empty_space][vc_column_text]<\/p>\n<h3><b>Beneficios de hacerse un estudio biomec\u00e1nico de la marcha y la pisada<\/b><\/h3>\n<ol>\n<li><span style=\"font-weight: 400;\">\u00a0Elimina dolores articulares y musculares.<\/span><\/li>\n<li><span style=\"font-weight: 400;\">\u00a0Aumento y mejora de la movilidad.<\/span><\/li>\n<li><span style=\"font-weight: 400;\">\u00a0Mejora la estabilidad.<\/span><\/li>\n<li><span style=\"font-weight: 400;\">\u00a0Proporciona calidad de vida.<\/span><\/li>\n<li><span style=\"font-weight: 400;\">\u00a0Aumenta el rendimiento f\u00edsico natural y deportivo.<\/span><\/li>\n<li><span style=\"font-weight: 400;\">\u00a0Corrige malos h\u00e1bitos posturales.<\/span><\/li>\n<li><span style=\"font-weight: 400;\">\u00a0Ayuda a prevenir lesiones.<\/span><\/li>\n<\/ol>\n<p>[\/vc_column_text][vc_single_image image=\u00bb3079&#8243; img_size=\u00bbfull\u00bb alignment=\u00bbcenter\u00bb style=\u00bbvc_box_shadow_border\u00bb][\/vc_column][\/vc_row]<\/p>\n<\/div>","protected":false},"excerpt":{"rendered":"<p>[vc_row][vc_column width=\u00bb1\/2&#8243;][vc_empty_space][vc_column_text] Estudio biomec\u00e1nico de la marcha y la pisada El estudio biomec\u00e1nico de la marcha\u00a0es la exploraci\u00f3n por la cual\u00a0analizamos la posici\u00f3n de los pies en est\u00e1tico y en movimiento, as\u00ed como el comportamiento de rodillas, cadera y columna.\u00a0 Esto nos permite identificar y tratar las causas biomec\u00e1nicas que producen alteraciones en el pie [&hellip;]<\/p>\n","protected":false},"author":1,"featured_media":0,"parent":0,"menu_order":0,"comment_status":"closed","ping_status":"closed","template":"page-boxed.php","meta":{"footnotes":""},"class_list":["post-3000","page","type-page","status-publish","hentry"],"_links":{"self":[{"href":"https:\/\/fisiomagna.es\/index.php\/wp-json\/wp\/v2\/pages\/3000","targetHints":{"allow":["GET"]}}],"collection":[{"href":"https:\/\/fisiomagna.es\/index.php\/wp-json\/wp\/v2\/pages"}],"about":[{"href":"https:\/\/fisiomagna.es\/index.php\/wp-json\/wp\/v2\/types\/page"}],"author":[{"embeddable":true,"href":"https:\/\/fisiomagna.es\/index.php\/wp-json\/wp\/v2\/users\/1"}],"replies":[{"embeddable":true,"href":"https:\/\/fisiomagna.es\/index.php\/wp-json\/wp\/v2\/comments?post=3000"}],"version-history":[{"count":16,"href":"https:\/\/fisiomagna.es\/index.php\/wp-json\/wp\/v2\/pages\/3000\/revisions"}],"predecessor-version":[{"id":3111,"href":"https:\/\/fisiomagna.es\/index.php\/wp-json\/wp\/v2\/pages\/3000\/revisions\/3111"}],"wp:attachment":[{"href":"https:\/\/fisiomagna.es\/index.php\/wp-json\/wp\/v2\/media?parent=3000"}],"curies":[{"name":"wp","href":"https:\/\/api.w.org\/{rel}","templated":true}]}}