{"id":2994,"date":"2018-09-30T11:37:30","date_gmt":"2018-09-30T11:37:30","guid":{"rendered":"https:\/\/fisiomagna.es\/?page_id=2994"},"modified":"2018-12-02T20:17:41","modified_gmt":"2018-12-02T19:17:41","slug":"osteopatia","status":"publish","type":"page","link":"https:\/\/fisiomagna.es\/index.php\/osteopatia\/","title":{"rendered":"Osteopat\u00eda"},"content":{"rendered":"<p>[vc_row][vc_column][vc_empty_space][\/vc_column][\/vc_row][vc_row][vc_column width=\u00bb1\/3&#8243;][vc_single_image image=\u00bb3012&#8243; img_size=\u00bbmedium\u00bb alignment=\u00bbcenter\u00bb style=\u00bbvc_box_shadow_circle_2&#8243;][\/vc_column][vc_column width=\u00bb1\/3&#8243;][vc_single_image image=\u00bb3010&#8243; img_size=\u00bbmedium\u00bb alignment=\u00bbcenter\u00bb style=\u00bbvc_box_shadow_circle_2&#8243;][\/vc_column][vc_column width=\u00bb1\/3&#8243;][vc_single_image image=\u00bb3016&#8243; img_size=\u00bbmedium\u00bb alignment=\u00bbcenter\u00bb style=\u00bbvc_box_shadow_circle_2&#8243;][\/vc_column][\/vc_row][vc_row][vc_column][vc_column_text]<\/p>\n<h3><\/h3>\n<h4><strong>\u00bfQU\u00c9 ES LA OSTEOPAT\u00cdA?<\/strong><\/h4>\n<p><span style=\"font-weight: 400;\">La Osteopat\u00eda es <strong>una disciplina terap\u00e9utica que se basa en la fisiolog\u00eda y la anatom\u00eda de los tejidos o estructuras del cuerpo<\/strong>. La Osteopat\u00eda toma al cuerpo como un todo, todos nuestros tejidos est\u00e1n interrelacionados y la afectaci\u00f3n de uno va a ir provocando la afectaci\u00f3n del resto. <\/span><span style=\"font-weight: 400;\">Debemos entender que muchas veces el problema no esta donde nos duele.<\/span><\/p>\n<p>&nbsp;<\/p>\n<h4><strong>\u00bfEN QU\u00c9 CONSISTE?<\/strong><\/h4>\n<p><span style=\"font-weight: 400;\">El Osteopata aplica manipulaciones en los diferentes tejidos afectados orientadas a <strong>aliviar el dolor, restaurar la movilidad y recuperar la funci\u00f3n<\/strong>. De esta manera se recupera el equilibrio entre la estructura y la funci\u00f3n. Se utilizan un amplio abanico de t\u00e9cnicas (estructurales, funcionales, sensoriales, faciales&#8230;).<\/span><\/p>\n<p><span style=\"font-weight: 400;\"><strong>El Osteopata emplea un amplio abanico de t\u00e9cnicas<\/strong> para devolver la armon\u00eda y el equilibrio al cuerpo y as\u00ed favorecer la recuperaci\u00f3n y prevenci\u00f3n de patolog\u00edas. Estas t\u00e9cnicas ayudan a revitalizar el riego sangu\u00edneo y lograr devolver la movilidad normal de los tejidos, promoviendo la curaci\u00f3n del paciente.<\/span><\/p>\n<p>&nbsp;<\/p>\n<h4><strong>BENEFICIOS<\/strong><\/h4>\n<p>Seg\u00fan la zona en la que trabaja el Osteopata:<\/p>\n<ul>\n<li><span style=\"font-weight: 400;\"><strong>OSTEOPATIA CRANEAL<\/strong>: \u00a0Se centra en los problemas craneales y su influencia en el sistema nerviosos central. Migra\u00f1as, cefaleas, v\u00e9rtigos, mareos, acufenos, s\u00edndromes postraum\u00e1ticos, alteraciones neurovegetativas, bruxismo, ATM, sinusitis, trastornos del reci\u00e9n nacido&#8230;<\/span><\/li>\n<li><span style=\"font-weight: 400;\"><strong>OSTEOPATIA ESTRUCTURAL<\/strong>: Trabajo del restablecimiento del aparato m\u00fasculo-esquel\u00e9tico y de la postura, centr\u00e1ndose en la columna vertebral y articulaciones. Lumbalgias, dorsalgias, cervicalgias, latigazo cervical, hernias discales, desequilibrios postulares&#8230;\u00a0<\/span><span style=\"font-weight: 400;\"><br \/>\n<\/span><\/li>\n<li><span style=\"font-weight: 400;\"><strong>OSTEOPATIA VISCERAL<\/strong>: Dirigida al tratamiento de \u00f3rganos y v\u00edsceras, recuperando la movilidad y funci\u00f3n de estos mediante t\u00e9cnicas espec\u00edficas para aumentar el aporte sangu\u00edneo. Estre\u00f1imiento, digestiones dif\u00edciles, hernia de hiato, trastornos uroginecol\u00f3gicos, adherencias post-quir\u00fargicas&#8230;<\/span><\/li>\n<\/ul>\n<h3><span style=\"font-weight: 400;\">\u00a0<\/span><\/h3>\n<p>[\/vc_column_text][\/vc_column][\/vc_row]<\/p>\n","protected":false},"excerpt":{"rendered":"<p>[vc_row][vc_column][vc_empty_space][\/vc_column][\/vc_row][vc_row][vc_column width=\u00bb1\/3&#8243;][vc_single_image image=\u00bb3012&#8243; img_size=\u00bbmedium\u00bb alignment=\u00bbcenter\u00bb style=\u00bbvc_box_shadow_circle_2&#8243;][\/vc_column][vc_column width=\u00bb1\/3&#8243;][vc_single_image image=\u00bb3010&#8243; img_size=\u00bbmedium\u00bb alignment=\u00bbcenter\u00bb style=\u00bbvc_box_shadow_circle_2&#8243;][\/vc_column][vc_column width=\u00bb1\/3&#8243;][vc_single_image image=\u00bb3016&#8243; img_size=\u00bbmedium\u00bb alignment=\u00bbcenter\u00bb style=\u00bbvc_box_shadow_circle_2&#8243;][\/vc_column][\/vc_row][vc_row][vc_column][vc_column_text] \u00bfQU\u00c9 ES LA OSTEOPAT\u00cdA? La Osteopat\u00eda es una disciplina terap\u00e9utica que se basa en la fisiolog\u00eda y la anatom\u00eda de los tejidos o estructuras del cuerpo. La Osteopat\u00eda toma al cuerpo como un todo, todos nuestros tejidos est\u00e1n interrelacionados [&hellip;]<\/p>\n","protected":false},"author":1,"featured_media":0,"parent":0,"menu_order":0,"comment_status":"closed","ping_status":"closed","template":"page-boxed.php","meta":{"footnotes":""},"class_list":["post-2994","page","type-page","status-publish","hentry"],"_links":{"self":[{"href":"https:\/\/fisiomagna.es\/index.php\/wp-json\/wp\/v2\/pages\/2994","targetHints":{"allow":["GET"]}}],"collection":[{"href":"https:\/\/fisiomagna.es\/index.php\/wp-json\/wp\/v2\/pages"}],"about":[{"href":"https:\/\/fisiomagna.es\/index.php\/wp-json\/wp\/v2\/types\/page"}],"author":[{"embeddable":true,"href":"https:\/\/fisiomagna.es\/index.php\/wp-json\/wp\/v2\/users\/1"}],"replies":[{"embeddable":true,"href":"https:\/\/fisiomagna.es\/index.php\/wp-json\/wp\/v2\/comments?post=2994"}],"version-history":[{"count":13,"href":"https:\/\/fisiomagna.es\/index.php\/wp-json\/wp\/v2\/pages\/2994\/revisions"}],"predecessor-version":[{"id":3103,"href":"https:\/\/fisiomagna.es\/index.php\/wp-json\/wp\/v2\/pages\/2994\/revisions\/3103"}],"wp:attachment":[{"href":"https:\/\/fisiomagna.es\/index.php\/wp-json\/wp\/v2\/media?parent=2994"}],"curies":[{"name":"wp","href":"https:\/\/api.w.org\/{rel}","templated":true}]}}