{"id":2991,"date":"2018-09-30T11:34:04","date_gmt":"2018-09-30T11:34:04","guid":{"rendered":"https:\/\/fisiomagna.es\/?page_id=2991"},"modified":"2018-12-02T20:20:25","modified_gmt":"2018-12-02T19:20:25","slug":"fisioterapia","status":"publish","type":"page","link":"https:\/\/fisiomagna.es\/index.php\/fisioterapia\/","title":{"rendered":"Fisioterapia"},"content":{"rendered":"<h4>\u00bfQU\u00c9 ES?<\/h4>\n<p>La\u00a0Fisioterapia\u00a0es\u00a0<strong>una\u00a0disciplina\u00a0de\u00a0la\u00a0salud<\/strong>\u00a0que\u00a0ofrece\u00a0una\u00a0<strong>alternativa\u00a0terap\u00e9utica\u00a0no\u00a0farmacol\u00f3gica\u00a0que<\/strong>,\u00a0en\u00a0muchos\u00a0casos,\u00a0<strong>ayuda\u00a0a\u00a0paliar\u00a0los\u00a0s\u00edntomas\u00a0de\u00a0m\u00faltiples\u00a0dolencias<\/strong>,\u00a0tanto\u00a0agudas\u00a0como cr\u00f3nicas. Frecuentemente\u00a0se\u00a0relaciona\u00a0la\u00a0Fisioterapia\u00a0o\u00a0a\u00a0los\u00a0Fisioterapeutas\u00a0con\u00a0el\u00a0masaje,\u00a0pero\u00a0su\u00a0arsenal\u00a0de\u00a0t\u00e9cnicas\u00a0terap\u00e9uticas\u00a0es\u00a0mucho\u00a0m\u00e1s\u00a0amplio.<\/p>\n<p>&nbsp;<\/p>\n<h4>\u00bfEN\u00a0QU\u00c9 CONSISTE?<\/h4>\n<p>La Fisioterapia nos permite el uso de agentes f\u00edsicos, como podr\u00eda ser el calor, el fr\u00edo, el agua, diferentes tipos de corrientes&#8230; Las corrientes adaptadas para ser aplicadas con diferentes par\u00e1metros y de forma correcta para cada patolog\u00eda y persona nos permitir\u00e1 atenuar o mejorar el da\u00f1o que puede tener un tejido que ha perdido sus caracter\u00edsticas funcionales o incluso estructurales.<\/p>\n<p>&nbsp;<\/p>\n<h4>BENEFICIOS<\/h4>\n<p>La Fisioterapia no solo es la aplicaci\u00f3n de diversos agentes f\u00edsicos para mitigar una lesi\u00f3n, es primero ante todo un estudio de la causa que provoca dicha lesi\u00f3n. <strong>El fisioterapeuta utiliza sus manos para sentir, valorar, tratar, recuperar, mantener y prevenir lesiones de nuestro cuerpo<\/strong>.<\/p>\n<p>En Fisiomagna estamos especializados en el tratamiento de:<\/p>\n<ul>\n<li>Lesiones deportivas y traumatol\u00f3gicas (esguinces de tobillo, rodillas, de hombro, mu\u00f1eca, piernas cansadas, lesiones musculo tendinosas por esfuerzo, fatiga o traum\u00e1ticas, tendiditis, desgarros musculares&#8230;).<\/li>\n<li>Lesiones por repetici\u00f3n (rotura alta, condromalasia, fascitis plantar&#8230;).<\/li>\n<li>Recuperaci\u00f3n post-fractura y post-quirurgica.<\/li>\n<li>Fisioterapia en reumatolog\u00eda (artrosis, artritis, trocanteritis&#8230;)<\/li>\n<li>Fisioterapia en uroginecolog\u00eda.<\/li>\n<li>Punci\u00f3n seca, acupuntura, vendaje funcional y vendaje neuromuscular.<\/li>\n<li>Inducci\u00f3n miofascial.<\/li>\n<\/ul>\n<p>&nbsp;<\/p>\n","protected":false},"excerpt":{"rendered":"<p>\u00bfQU\u00c9 ES? La\u00a0Fisioterapia\u00a0es\u00a0una\u00a0disciplina\u00a0de\u00a0la\u00a0salud\u00a0que\u00a0ofrece\u00a0una\u00a0alternativa\u00a0terap\u00e9utica\u00a0no\u00a0farmacol\u00f3gica\u00a0que,\u00a0en\u00a0muchos\u00a0casos,\u00a0ayuda\u00a0a\u00a0paliar\u00a0los\u00a0s\u00edntomas\u00a0de\u00a0m\u00faltiples\u00a0dolencias,\u00a0tanto\u00a0agudas\u00a0como cr\u00f3nicas. Frecuentemente\u00a0se\u00a0relaciona\u00a0la\u00a0Fisioterapia\u00a0o\u00a0a\u00a0los\u00a0Fisioterapeutas\u00a0con\u00a0el\u00a0masaje,\u00a0pero\u00a0su\u00a0arsenal\u00a0de\u00a0t\u00e9cnicas\u00a0terap\u00e9uticas\u00a0es\u00a0mucho\u00a0m\u00e1s\u00a0amplio. &nbsp; \u00bfEN\u00a0QU\u00c9 CONSISTE? La Fisioterapia nos permite el uso de agentes f\u00edsicos, como podr\u00eda ser el calor, el fr\u00edo, el agua, diferentes tipos de corrientes&#8230; Las corrientes adaptadas para ser aplicadas con diferentes par\u00e1metros y de forma correcta para cada patolog\u00eda y persona nos permitir\u00e1 atenuar o mejorar el da\u00f1o [&hellip;]<\/p>\n","protected":false},"author":1,"featured_media":0,"parent":0,"menu_order":0,"comment_status":"closed","ping_status":"closed","template":"page-boxed.php","meta":{"footnotes":""},"class_list":["post-2991","page","type-page","status-publish","hentry"],"_links":{"self":[{"href":"https:\/\/fisiomagna.es\/index.php\/wp-json\/wp\/v2\/pages\/2991","targetHints":{"allow":["GET"]}}],"collection":[{"href":"https:\/\/fisiomagna.es\/index.php\/wp-json\/wp\/v2\/pages"}],"about":[{"href":"https:\/\/fisiomagna.es\/index.php\/wp-json\/wp\/v2\/types\/page"}],"author":[{"embeddable":true,"href":"https:\/\/fisiomagna.es\/index.php\/wp-json\/wp\/v2\/users\/1"}],"replies":[{"embeddable":true,"href":"https:\/\/fisiomagna.es\/index.php\/wp-json\/wp\/v2\/comments?post=2991"}],"version-history":[{"count":4,"href":"https:\/\/fisiomagna.es\/index.php\/wp-json\/wp\/v2\/pages\/2991\/revisions"}],"predecessor-version":[{"id":3467,"href":"https:\/\/fisiomagna.es\/index.php\/wp-json\/wp\/v2\/pages\/2991\/revisions\/3467"}],"wp:attachment":[{"href":"https:\/\/fisiomagna.es\/index.php\/wp-json\/wp\/v2\/media?parent=2991"}],"curies":[{"name":"wp","href":"https:\/\/api.w.org\/{rel}","templated":true}]}}