{"id":2850,"date":"2016-05-10T03:48:21","date_gmt":"2016-05-10T03:48:21","guid":{"rendered":"http:\/\/wp452m.a10-52-158-154.qa.plesk.ru\/wordpress\/?page_id=2"},"modified":"2023-09-11T10:16:21","modified_gmt":"2023-09-11T08:16:21","slug":"home","status":"publish","type":"page","link":"https:\/\/fisiomagna.es\/","title":{"rendered":"Inicio"},"content":{"rendered":"<p>[vc_row][vc_column][vc_row_inner css=\u00bb.vc_custom_1645019180646{background-image: url(https:\/\/fisiomagna.es\/wp-content\/uploads\/2022\/02\/home.jpg?id=3431) !important;background-position: center !important;background-repeat: no-repeat !important;background-size: cover !important;}\u00bb][vc_column_inner width=\u00bb1\/4&#8243; css=\u00bb.vc_custom_1645019191988{background-position: center !important;background-repeat: no-repeat !important;background-size: cover !important;}\u00bb][\/vc_column_inner][vc_column_inner width=\u00bb1\/2&#8243;][vc_empty_space height=\u00bb160px\u00bb][vc_column_text css=\u00bb.vc_custom_1645019677014{margin-right: 20% !important;}\u00bb]<\/p>\n<h1><\/h1>\n<h1>FISIOTERAPIA<\/h1>\n<h1>ALCAL\u00c1 DE HENARES<\/h1>\n<p>&nbsp;<\/p>\n<p>Cl\u00ednica especializada<strong>\u00a0<\/strong>en <strong>fisioterapia<\/strong>, <b>osteopat\u00eda<\/b>, <b>podolog\u00eda<\/b>\u00a0y <strong>biomec\u00e1nica<\/strong>. Nuestros profesionales titulados y con amplia experiencia velar\u00e1n por tu salud y bienestar.<\/p>\n<p>Hemos ampliando nuestras instalaciones y ofrecemos nuevos servicios, como <strong>psicolog\u00eda, logopedia, talleres, pilates y nutrici\u00f3n<\/strong>.[\/vc_column_text][vc_btn title=\u00bbPIDE CITA ONLINE\u00bb style=\u00bbflat\u00bb color=\u00bbwarning\u00bb link=\u00bburl:https%3A%2F%2Ffisiomagna.es%2Findex.php%2Fcita-online%2F|title:Cita%20Online||\u00bb][vc_empty_space height=\u00bb150px\u00bb][\/vc_column_inner][vc_column_inner width=\u00bb1\/4&#8243;][\/vc_column_inner][\/vc_row_inner][vc_row_inner css=\u00bb.vc_custom_1626532359338{margin-right: 10% !important;margin-left: 10% !important;}\u00bb][vc_column_inner][\/vc_column_inner][\/vc_row_inner][\/vc_column][\/vc_row][vc_row equal_height=\u00bbyes\u00bb content_placement=\u00bbmiddle\u00bb type=\u00bbboxed\u00bb columns_height=\u00bbadjust_cols_height\u00bb font_color=\u00bb#000000&#8243; css=\u00bb.vc_custom_1626532381163{margin-top: 2% !important;margin-right: 10% !important;margin-left: 10% !important;background-color: #ffffff !important;background-position: center !important;background-repeat: no-repeat !important;background-size: cover !important;}\u00bb][vc_column width=\u00bb1\/3&#8243;][vc_cta h2=\u00bbOSTEOPATIA\u00bb h2_font_container=\u00bbfont_size:28px\u00bb h2_use_theme_fonts=\u00bbyes\u00bb txt_align=\u00bbcenter\u00bb add_button=\u00bbbottom\u00bb btn_title=\u00bbSaber m\u00e1s\u00bb btn_color=\u00bbwarning\u00bb btn_align=\u00bbcenter\u00bb use_custom_fonts_h2=\u00bbtrue\u00bb css=\u00bb.vc_custom_1639046728066{padding-top: 50% !important;padding-bottom: 10% !important;background-image: url(https:\/\/fisiomagna.es\/wp-content\/uploads\/2018\/07\/osteopatia-orangepeel.jpg?id=2903) !important;background-position: center !important;background-repeat: no-repeat !important;background-size: cover !important;}\u00bb btn_link=\u00bburl:https%3A%2F%2Ffisiomagna.es%2Findex.php%2Fosteopatia%2F|||\u00bb][\/vc_cta][\/vc_column][vc_column width=\u00bb1\/3&#8243;][vc_cta h2=\u00bbFISIOTERAPIA\u00bb h2_font_container=\u00bbfont_size:28px\u00bb h2_use_theme_fonts=\u00bbyes\u00bb txt_align=\u00bbcenter\u00bb add_button=\u00bbbottom\u00bb btn_title=\u00bbSaber m\u00e1s\u00bb btn_color=\u00bbwarning\u00bb btn_align=\u00bbcenter\u00bb use_custom_fonts_h2=\u00bbtrue\u00bb css=\u00bb.vc_custom_1639046737247{padding-top: 50% !important;padding-bottom: 10% !important;background-image: url(https:\/\/fisiomagna.es\/wp-content\/uploads\/2018\/07\/fisioterapia-orangepeel.jpg?id=2904) !important;background-position: center !important;background-repeat: no-repeat !important;background-size: cover !important;}\u00bb btn_link=\u00bburl:https%3A%2F%2Ffisiomagna.es%2Findex.php%2Ffisioterapia%2F|||\u00bb][\/vc_cta][\/vc_column][vc_column width=\u00bb1\/3&#8243;][vc_cta h2=\u00bbPODOLOGIA\u00bb h2_font_container=\u00bbfont_size:28px\u00bb h2_use_theme_fonts=\u00bbyes\u00bb txt_align=\u00bbcenter\u00bb add_button=\u00bbbottom\u00bb btn_title=\u00bbSaber m\u00e1s\u00bb btn_color=\u00bbwarning\u00bb btn_align=\u00bbcenter\u00bb use_custom_fonts_h2=\u00bbtrue\u00bb css=\u00bb.vc_custom_1639046746046{padding-top: 50% !important;padding-bottom: 10% !important;background-image: url(https:\/\/fisiomagna.es\/wp-content\/uploads\/2018\/07\/podologia-orangepeel.jpg?id=2905) !important;background-position: center !important;background-repeat: no-repeat !important;background-size: cover !important;}\u00bb btn_link=\u00bburl:https%3A%2F%2Ffisiomagna.es%2Findex.php%2Fpodologia%2F|||\u00bb][\/vc_cta][\/vc_column][\/vc_row][vc_row equal_height=\u00bbyes\u00bb content_placement=\u00bbtop\u00bb type=\u00bbboxed\u00bb columns_height=\u00bbadjust_cols_height\u00bb font_color=\u00bb#000000&#8243; css=\u00bb.vc_custom_1626532398870{margin-right: 10% !important;margin-left: 10% !important;background-color: #ffffff !important;background-position: center !important;background-repeat: no-repeat !important;background-size: cover !important;}\u00bb][vc_column width=\u00bb1\/3&#8243;][vc_cta h2=\u00bbBIOMECANICA\u00bb h2_font_container=\u00bbfont_size:28px\u00bb h2_use_theme_fonts=\u00bbyes\u00bb txt_align=\u00bbcenter\u00bb add_button=\u00bbbottom\u00bb btn_title=\u00bbSaber m\u00e1s\u00bb btn_color=\u00bbwarning\u00bb btn_align=\u00bbcenter\u00bb use_custom_fonts_h2=\u00bbtrue\u00bb css=\u00bb.vc_custom_1639046790142{padding-top: 50% !important;padding-bottom: 10% !important;background-image: url(https:\/\/fisiomagna.es\/wp-content\/uploads\/2018\/07\/biomecanica-orangepeel.jpg?id=2906) !important;background-position: center !important;background-repeat: no-repeat !important;background-size: cover !important;}\u00bb btn_link=\u00bburl:https%3A%2F%2Ffisiomagna.es%2Findex.php%2Fbiomecanica%2F|||\u00bb][\/vc_cta][\/vc_column][vc_column width=\u00bb1\/3&#8243;][vc_cta h2=\u00bbPOSTCIRUGIA\u00bb h2_font_container=\u00bbfont_size:28px\u00bb h2_use_theme_fonts=\u00bbyes\u00bb txt_align=\u00bbcenter\u00bb add_button=\u00bbbottom\u00bb btn_title=\u00bbSaber m\u00e1s\u00bb btn_color=\u00bbwarning\u00bb btn_align=\u00bbcenter\u00bb use_custom_fonts_h2=\u00bbtrue\u00bb css=\u00bb.vc_custom_1639046800628{padding-top: 50% !important;padding-bottom: 10% !important;background-image: url(https:\/\/fisiomagna.es\/wp-content\/uploads\/2018\/07\/postcirugia-orangepeel.jpg?id=2907) !important;background-position: center !important;background-repeat: no-repeat !important;background-size: cover !important;}\u00bb btn_link=\u00bburl:https%3A%2F%2Ffisiomagna.es%2Findex.php%2Fpostcirugia%2F|||\u00bb][\/vc_cta][\/vc_column][vc_column width=\u00bb1\/3&#8243;][vc_cta h2=\u00bbRADIOFRECUENCIA\u00bb h2_font_container=\u00bbfont_size:28px\u00bb h2_use_theme_fonts=\u00bbyes\u00bb txt_align=\u00bbcenter\u00bb add_button=\u00bbbottom\u00bb btn_title=\u00bbSaber m\u00e1s\u00bb btn_color=\u00bbwarning\u00bb btn_align=\u00bbcenter\u00bb use_custom_fonts_h2=\u00bbtrue\u00bb css=\u00bb.vc_custom_1639046809474{padding-top: 50% !important;padding-bottom: 10% !important;background-image: url(https:\/\/fisiomagna.es\/wp-content\/uploads\/2019\/05\/radiofrecuencia-orangepeel.jpg?id=3163) !important;background-position: center !important;background-repeat: no-repeat !important;background-size: cover !important;}\u00bb btn_link=\u00bburl:https%3A%2F%2Ffisiomagna.es%2Findex.php%2Fradiofrecuencia%2F|title:radiofrecuencia||\u00bb][\/vc_cta][\/vc_column][\/vc_row][vc_row equal_height=\u00bbyes\u00bb content_placement=\u00bbtop\u00bb type=\u00bbboxed\u00bb columns_height=\u00bbadjust_cols_height\u00bb font_color=\u00bb#000000&#8243; css=\u00bb.vc_custom_1626532398870{margin-right: 10% !important;margin-left: 10% !important;background-color: #ffffff !important;background-position: center !important;background-repeat: no-repeat !important;background-size: cover !important;}\u00bb][vc_column width=\u00bb1\/3&#8243;][vc_cta h2=\u00bbNUTRICI\u00d3N\u00bb h2_font_container=\u00bbfont_size:28px\u00bb h2_use_theme_fonts=\u00bbyes\u00bb txt_align=\u00bbcenter\u00bb add_button=\u00bbbottom\u00bb btn_title=\u00bbSaber m\u00e1s\u00bb btn_color=\u00bbwarning\u00bb btn_align=\u00bbcenter\u00bb use_custom_fonts_h2=\u00bbtrue\u00bb css=\u00bb.vc_custom_1639046821366{padding-top: 50% !important;padding-bottom: 10% !important;background-image: url(https:\/\/fisiomagna.es\/wp-content\/uploads\/2021\/07\/breakfast-4234067_1920-orangepeel.jpg?id=3309) !important;background-position: center !important;background-repeat: no-repeat !important;background-size: cover !important;}\u00bb btn_link=\u00bburl:https%3A%2F%2Ffisiomagna.es%2Findex.php%2Fnutricion%2F|title:Nutrici%C3%B3n||\u00bb][\/vc_cta][\/vc_column][vc_column width=\u00bb1\/3&#8243;][vc_cta h2=\u00bbPSICOLOG\u00cdA\u00bb h2_font_container=\u00bbfont_size:28px\u00bb h2_use_theme_fonts=\u00bbyes\u00bb txt_align=\u00bbcenter\u00bb add_button=\u00bbbottom\u00bb btn_title=\u00bbSaber m\u00e1s\u00bb btn_color=\u00bbwarning\u00bb btn_align=\u00bbcenter\u00bb use_custom_fonts_h2=\u00bbtrue\u00bb css=\u00bb.vc_custom_1639053793095{padding-top: 50% !important;padding-bottom: 10% !important;background-image: url(https:\/\/fisiomagna.es\/wp-content\/uploads\/2021\/07\/psychology-2647941_1920-orangepeel.jpg?id=3311) !important;background-position: center !important;background-repeat: no-repeat !important;background-size: cover !important;}\u00bb btn_link=\u00bburl:https%3A%2F%2Ffisiomagna.es%2Findex.php%2Fpsicologia%2F|title:Psicolog%C3%ADa||\u00bb][\/vc_cta][\/vc_column][vc_column width=\u00bb1\/3&#8243;][vc_cta h2=\u00bbPILATES\u00bb h2_font_container=\u00bbfont_size:28px\u00bb h2_use_theme_fonts=\u00bbyes\u00bb txt_align=\u00bbcenter\u00bb add_button=\u00bbbottom\u00bb btn_title=\u00bbSaber m\u00e1s\u00bb btn_color=\u00bbwarning\u00bb btn_align=\u00bbcenter\u00bb use_custom_fonts_h2=\u00bbtrue\u00bb css=\u00bb.vc_custom_1643636155127{padding-top: 50% !important;padding-bottom: 10% !important;background-image: url(https:\/\/fisiomagna.es\/wp-content\/uploads\/2021\/07\/yoga-3053487_1920-orangepeel.jpg?id=3313) !important;background-position: center !important;background-repeat: no-repeat !important;background-size: cover !important;}\u00bb btn_link=\u00bburl:https%3A%2F%2Ffisiomagna.es%2Findex.php%2Fpilates%2F|title:radiofrecuencia||\u00bb][\/vc_cta][\/vc_column][\/vc_row][vc_row equal_height=\u00bbyes\u00bb content_placement=\u00bbtop\u00bb type=\u00bbboxed\u00bb columns_height=\u00bbadjust_cols_height\u00bb font_color=\u00bb#000000&#8243; css=\u00bb.vc_custom_1626532398870{margin-right: 10% !important;margin-left: 10% !important;background-color: #ffffff !important;background-position: center !important;background-repeat: no-repeat !important;background-size: cover !important;}\u00bb][vc_column width=\u00bb1\/3&#8243;][vc_cta h2=\u00bbLOGOPEDIA\u00bb h2_font_container=\u00bbfont_size:28px\u00bb h2_use_theme_fonts=\u00bbyes\u00bb txt_align=\u00bbcenter\u00bb add_button=\u00bbbottom\u00bb btn_title=\u00bbSaber m\u00e1s\u00bb btn_color=\u00bbwarning\u00bb btn_align=\u00bbcenter\u00bb use_custom_fonts_h2=\u00bbtrue\u00bb css=\u00bb.vc_custom_1639046849349{padding-top: 50% !important;padding-bottom: 10% !important;background-image: url(https:\/\/fisiomagna.es\/wp-content\/uploads\/2021\/12\/cute-child-with-speech-therapist-is-taught-to-pronounce-the-letters-words-and-sounds-correctly-scaled-orangepeel.jpg?id=3366) !important;background-position: center !important;background-repeat: no-repeat !important;background-size: cover !important;}\u00bb btn_link=\u00bburl:%23|||\u00bb][\/vc_cta][\/vc_column][vc_column width=\u00bb1\/3&#8243;][vc_cta h2=\u00bbTALLERES\u00bb h2_font_container=\u00bbfont_size:28px\u00bb h2_use_theme_fonts=\u00bbyes\u00bb txt_align=\u00bbcenter\u00bb add_button=\u00bbbottom\u00bb btn_title=\u00bbSaber m\u00e1s\u00bb btn_color=\u00bbwarning\u00bb btn_align=\u00bbcenter\u00bb use_custom_fonts_h2=\u00bbtrue\u00bb css=\u00bb.vc_custom_1639046857902{padding-top: 50% !important;padding-bottom: 10% !important;background-image: url(https:\/\/fisiomagna.es\/wp-content\/uploads\/2021\/12\/talleres-orangepeel.jpg?id=3371) !important;background-position: center !important;background-repeat: no-repeat !important;background-size: cover !important;}\u00bb btn_link=\u00bburl:%23|||\u00bb][\/vc_cta][\/vc_column][vc_column width=\u00bb1\/3&#8243;][vc_cta h2=\u00bbMINDFULNESS\u00bb h2_font_container=\u00bbfont_size:28px\u00bb h2_use_theme_fonts=\u00bbyes\u00bb txt_align=\u00bbcenter\u00bb add_button=\u00bbbottom\u00bb btn_title=\u00bbSaber m\u00e1s\u00bb btn_color=\u00bbwarning\u00bb btn_align=\u00bbcenter\u00bb use_custom_fonts_h2=\u00bbtrue\u00bb css=\u00bb.vc_custom_1639046867986{padding-top: 50% !important;padding-bottom: 10% !important;background-image: url(https:\/\/fisiomagna.es\/wp-content\/uploads\/2021\/12\/young-pretty-joyful-brunette-woman-meditating-on-table-surround-work-stuff-and-flying-papers-cheerful-mood-taking-break-working-studying-relaxation-true-emotions-scaled-orangepeel.jpg?id=3369) !important;background-position: center !important;background-repeat: no-repeat !important;background-size: cover !important;}\u00bb btn_link=\u00bburl:%23|title:radiofrecuencia||\u00bb][\/vc_cta][\/vc_column][\/vc_row][vc_row equal_height=\u00bbyes\u00bb content_placement=\u00bbtop\u00bb type=\u00bbboxed\u00bb columns_height=\u00bbadjust_cols_height\u00bb font_color=\u00bb#000000&#8243; css=\u00bb.vc_custom_1626532398870{margin-right: 10% !important;margin-left: 10% !important;background-color: #ffffff !important;background-position: center !important;background-repeat: no-repeat !important;background-size: cover !important;}\u00bb][vc_column width=\u00bb1\/3&#8243;][\/vc_column][vc_column width=\u00bb1\/3&#8243;][vc_cta h2=\u00bbTERAPIA OCUPACIONAL\u00bb h2_font_container=\u00bbtag:h2|font_size:24px|text_align:center\u00bb h2_use_theme_fonts=\u00bbyes\u00bb txt_align=\u00bbcenter\u00bb add_button=\u00bbbottom\u00bb btn_title=\u00bbSaber m\u00e1s\u00bb btn_color=\u00bbwarning\u00bb btn_align=\u00bbcenter\u00bb use_custom_fonts_h2=\u00bbtrue\u00bb css=\u00bb.vc_custom_1682071559062{padding-top: 50% !important;padding-bottom: 10% !important;background-image: url(https:\/\/fisiomagna.es\/wp-content\/uploads\/2023\/04\/terapia-ocupacional-orangepeel.jpg?id=3491) !important;background-position: center !important;background-repeat: no-repeat !important;background-size: cover !important;}\u00bb btn_link=\u00bburl:https%3A%2F%2Ffisiomagna.es%2Findex.php%2Fterapia-ocupacional-2%2F|title:Terapia%20Ocupacional\u00bb][\/vc_cta][\/vc_column][vc_column width=\u00bb1\/3&#8243;][\/vc_column][\/vc_row][vc_row css=\u00bb.vc_custom_1626532631223{margin-right: 10% !important;margin-left: 10% !important;}\u00bb][vc_column][vc_gmaps link=\u00bb#E-8_JTNDaWZyYW1lJTIwc3JjJTNEJTIyaHR0cHMlM0ElMkYlMkZ3d3cuZ29vZ2xlLmNvbSUyRm1hcHMlMkZlbWJlZCUzRnBiJTNEJTIxMW0xOCUyMTFtMTIlMjExbTMlMjExZDMwMzQuMzYyNTE5NzEwMjUyJTIxMmQtMy4zNTkyODQ0ODQyMTQ1NTM1JTIxM2Q0MC40ODkzNjU5NzkzNTY5NCUyMTJtMyUyMTFmMCUyMTJmMCUyMTNmMCUyMTNtMiUyMTFpMTAyNCUyMTJpNzY4JTIxNGYxMy4xJTIxM20zJTIxMW0yJTIxMXMweGQ0MjQ5NDE4YjdhZjE2MyUyNTNBMHhiOTc1ZTI1NTFlMGMwOTdlJTIxMnNDbGluaWNhJTJCRmlzaW9tYWduYSUyQlBvZG9sb2dpYSUyNTJDJTJCRmlzaW90ZXJhcGlhJTI1MkMlMkJPc3Rlb3BhdGlhJTIxNWUwJTIxM20yJTIxMXNlcyUyMTJzZXMlMjE0djE1MzgzMDM3NTQ3ODQlMjIlMjB3aWR0aCUzRCUyMjQwMCUyMiUyMGhlaWdodCUzRCUyMjMwMCUyMiUyMGZyYW1lYm9yZGVyJTNEJTIyMCUyMiUyMHN0eWxlJTNEJTIyYm9yZGVyJTNBMCUyMiUyMGFsbG93ZnVsbHNjcmVlbiUzRSUzQyUyRmlmcmFtZSUzRQ==\u00bb title=\u00bbDonde estamos:\u00bb][\/vc_column][\/vc_row][vc_row css=\u00bb.vc_custom_1626532631223{margin-right: 10% !important;margin-left: 10% !important;}\u00bb][vc_column width=\u00bb1\/6&#8243;][\/vc_column][vc_column width=\u00bb2\/3&#8243;][vc_separator el_width=\u00bb50&#8243; css=\u00bb.vc_custom_1538303411545{margin-top: 10px !important;background-position: center !important;background-repeat: no-repeat !important;background-size: contain !important;}\u00bb][vc_single_image image=\u00bb3511&#8243; img_size=\u00bbfull\u00bb alignment=\u00bbcenter\u00bb][vc_column_text]<\/p>\n<h2>Cita Online:<\/h2>\n<p>[\/vc_column_text][vc_raw_html]JTVCZWFfYm9vdHN0cmFwJTIwd2lkdGglM0QlMjI4MDBweCUyMiUyMHNjcm9sbF9vZmYlM0QlMjJ0cnVlJTIyJTIwbGF5b3V0X2NvbHMlM0QlMjIyJTIyJTVE[\/vc_raw_html][\/vc_column][vc_column width=\u00bb1\/6&#8243;][\/vc_column][\/vc_row][vc_row equal_height=\u00bbyes\u00bb content_placement=\u00bbmiddle\u00bb type=\u00bbboxed\u00bb columns_height=\u00bbadjust_cols_height\u00bb font_color=\u00bb#000000&#8243; css=\u00bb.vc_custom_1626532513216{margin-top: 5% !important;margin-right: 10% !important;margin-left: 10% !important;background-color: #ffffff !important;background-position: center !important;background-repeat: no-repeat !important;background-size: cover !important;}\u00bb][vc_column width=\u00bb1\/4&#8243;][vc_icon icon_fontawesome=\u00bbfa fa-university\u00bb color=\u00bbwhite\u00bb background_style=\u00bbrounded\u00bb background_color=\u00bbcustom\u00bb align=\u00bbcenter\u00bb custom_background_color=\u00bb#dd8d13&#8243;][vc_column_text]<\/p>\n<h5 style=\"text-align: center;\">PROFESIONALES TITULADOS<\/h5>\n<p style=\"text-align: center;\">Somos profesionales titulados universitarios, debidamente colegiados y especializados en diversas terapias.<\/p>\n<p>[\/vc_column_text][\/vc_column][vc_column width=\u00bb1\/4&#8243;][vc_icon icon_fontawesome=\u00bbfa fa-heart\u00bb color=\u00bbwhite\u00bb background_style=\u00bbrounded\u00bb background_color=\u00bbcustom\u00bb align=\u00bbcenter\u00bb custom_background_color=\u00bb#dd8d13&#8243;][vc_column_text]<\/p>\n<h5 style=\"text-align: center;\">ATENCI\u00d3N PERSONAL<\/h5>\n<p style=\"text-align: center;\">Nos centramos en ti como paciente para resolver todo lo que involucre tu malestar.<\/p>\n<p>[\/vc_column_text][\/vc_column][vc_column width=\u00bb1\/4&#8243;][vc_icon icon_fontawesome=\u00bbfa fa-clock-o\u00bb color=\u00bbwhite\u00bb background_style=\u00bbrounded\u00bb background_color=\u00bbcustom\u00bb align=\u00bbcenter\u00bb custom_background_color=\u00bb#dd8d13&#8243;][vc_column_text]<\/p>\n<h5 style=\"text-align: center;\">SESIONES DE 55 MINUTOS<\/h5>\n<p style=\"text-align: center;\">Dedicamos a cada paciente el tiempo preciso para su dolencia y realizamos un seguimiento exhaustivo del mismo.<\/p>\n<p>[\/vc_column_text][\/vc_column][vc_column width=\u00bb1\/4&#8243;][vc_icon icon_fontawesome=\u00bbfa fa-search\u00bb color=\u00bbwhite\u00bb background_style=\u00bbrounded\u00bb background_color=\u00bbcustom\u00bb align=\u00bbcenter\u00bb custom_background_color=\u00bb#dd8d13&#8243;][vc_column_text]<\/p>\n<h5 style=\"text-align: center;\">BUSCAMOS LA RA\u00cdZ DE TU DOLOR<\/h5>\n<p style=\"text-align: center;\">El diagn\u00f3stico de una patolog\u00eda por el dolor es un error. Llegar al fondo sin olvidar el s\u00edntoma es el acierto.<\/p>\n<p>[\/vc_column_text][\/vc_column][\/vc_row][vc_row css=\u00bb.vc_custom_1638709663589{margin-right: 10px !important;margin-left: 10px !important;background-color: #efeae4 !important;}\u00bb][vc_column width=\u00bb1\/4&#8243;][vc_separator el_width=\u00bb50&#8243; css=\u00bb.vc_custom_1538303411545{margin-top: 10px !important;background-position: center !important;background-repeat: no-repeat !important;background-size: contain !important;}\u00bb][\/vc_column][vc_column width=\u00bb1\/2&#8243;][vc_column_text css=\u00bb.vc_custom_1638709834851{margin-right: 5% !important;margin-left: 5% !important;background-position: center !important;background-repeat: no-repeat !important;background-size: contain !important;}\u00bb]<\/p>\n<h2>Tarjeta Regalo Fisiomagna<\/h2>\n<p>[\/vc_column_text][vc_column_text css=\u00bb.vc_custom_1638709910785{margin-right: 7% !important;margin-left: 7% !important;background-position: center !important;background-repeat: no-repeat !important;background-size: contain !important;}\u00bb]<\/p>\n<p style=\"text-align: left;\">\u00bfNo sabes qu\u00e9 regalar? Para cumplea\u00f1os, aniversarios, navidades&#8230; con la <strong>tarjeta regalo<\/strong> de Fisiomagna regala salud, bienestar y relax. Puedes abonar el servicio que desees:<\/p>\n<p style=\"text-align: left;\">&#8211; Sesi\u00f3n fisioterapia &#8211;<\/p>\n<p style=\"text-align: left;\">&#8211; Bono 5 sesiones fisioterapia &#8211;<\/p>\n<p style=\"text-align: left;\">&#8211; Bono 10 sesiones fisioterapia &#8211;<\/p>\n<p style=\"text-align: left;\">&#8211; Osteopat\u00eda &#8211;<\/p>\n<p style=\"text-align: left;\">&#8211; Plantillas &#8211;<\/p>\n<p style=\"text-align: left;\">Etc<\/p>\n<h5 style=\"text-align: left;\">Consulta en nuestra cl\u00ednica y elige el servicio y tarifa m\u00e1s apropiado.<\/h5>\n<p>[\/vc_column_text][vc_single_image image=\u00bb3236&#8243; img_size=\u00bbfull\u00bb alignment=\u00bbcenter\u00bb][vc_column_text css=\u00bb.vc_custom_1608054510225{margin-right: 25% !important;margin-left: 25% !important;background-position: center !important;background-repeat: no-repeat !important;background-size: contain !important;}\u00bb]<\/p>\n<h6 style=\"text-align: center;\"><em><strong>No tiene caducidad &#8211;\u00a0<\/strong>Se abona en la cl\u00ednica, los clientes se llevan una tarjeta con el servicio pagado.<\/em><\/h6>\n<p>[\/vc_column_text][\/vc_column][vc_column width=\u00bb1\/4&#8243;][\/vc_column][\/vc_row][vc_row type=\u00bbboxed\u00bb css=\u00bb.vc_custom_1538302882337{margin-top: 2% !important;}\u00bb][vc_column css=\u00bb.vc_custom_1538302855656{background-position: center !important;background-repeat: no-repeat !important;background-size: contain !important;}\u00bb][vc_single_image image=\u00bb3138&#8243; img_size=\u00bbfull\u00bb alignment=\u00bbcenter\u00bb][\/vc_column][\/vc_row][vc_row][vc_column][vc_empty_space][vc_single_image image=\u00bb3290&#8243; img_size=\u00bbfull\u00bb alignment=\u00bbcenter\u00bb][vc_separator el_width=\u00bb50&#8243; css=\u00bb.vc_custom_1538303411545{margin-top: 10px !important;background-position: center !important;background-repeat: no-repeat !important;background-size: contain !important;}\u00bb][vc_message message_box_color=\u00bbwarning\u00bb css=\u00bb.vc_custom_1626532738842{margin-right: 10% !important;margin-left: 10% !important;}\u00bb]<\/p>\n<p style=\"text-align: center;\"><strong>Horario<\/strong>: De Lunes a Viernes de <strong>09:30<\/strong>\u00a0a\u00a0<strong>14:30<\/strong>\u00a0&#8211; <strong>16:00<\/strong> a<strong> 20:00<\/strong><\/p>\n<p>[\/vc_message][\/vc_column][\/vc_row]<\/p>\n","protected":false},"excerpt":{"rendered":"<p>[vc_row][vc_column][vc_row_inner css=\u00bb.vc_custom_1645019180646{background-image: url(https:\/\/fisiomagna.es\/wp-content\/uploads\/2022\/02\/home.jpg?id=3431) !important;background-position: center !important;background-repeat: no-repeat !important;background-size: cover !important;}\u00bb][vc_column_inner width=\u00bb1\/4&#8243; css=\u00bb.vc_custom_1645019191988{background-position: center !important;background-repeat: no-repeat !important;background-size: cover !important;}\u00bb][\/vc_column_inner][vc_column_inner width=\u00bb1\/2&#8243;][vc_empty_space height=\u00bb160px\u00bb][vc_column_text css=\u00bb.vc_custom_1645019677014{margin-right: 20% !important;}\u00bb] FISIOTERAPIA ALCAL\u00c1 DE HENARES &nbsp; Cl\u00ednica especializada\u00a0en fisioterapia, osteopat\u00eda, podolog\u00eda\u00a0y biomec\u00e1nica. Nuestros profesionales titulados y con amplia experiencia velar\u00e1n por tu salud y bienestar. Hemos ampliando nuestras instalaciones y ofrecemos nuevos servicios, [&hellip;]<\/p>\n","protected":false},"author":1,"featured_media":0,"parent":0,"menu_order":0,"comment_status":"closed","ping_status":"open","template":"page-full-width.php","meta":{"footnotes":""},"class_list":["post-2850","page","type-page","status-publish","hentry"],"_links":{"self":[{"href":"https:\/\/fisiomagna.es\/index.php\/wp-json\/wp\/v2\/pages\/2850","targetHints":{"allow":["GET"]}}],"collection":[{"href":"https:\/\/fisiomagna.es\/index.php\/wp-json\/wp\/v2\/pages"}],"about":[{"href":"https:\/\/fisiomagna.es\/index.php\/wp-json\/wp\/v2\/types\/page"}],"author":[{"embeddable":true,"href":"https:\/\/fisiomagna.es\/index.php\/wp-json\/wp\/v2\/users\/1"}],"replies":[{"embeddable":true,"href":"https:\/\/fisiomagna.es\/index.php\/wp-json\/wp\/v2\/comments?post=2850"}],"version-history":[{"count":134,"href":"https:\/\/fisiomagna.es\/index.php\/wp-json\/wp\/v2\/pages\/2850\/revisions"}],"predecessor-version":[{"id":3512,"href":"https:\/\/fisiomagna.es\/index.php\/wp-json\/wp\/v2\/pages\/2850\/revisions\/3512"}],"wp:attachment":[{"href":"https:\/\/fisiomagna.es\/index.php\/wp-json\/wp\/v2\/media?parent=2850"}],"curies":[{"name":"wp","href":"https:\/\/api.w.org\/{rel}","templated":true}]}}